{"id":101,"date":"2025-01-14T11:24:18","date_gmt":"2025-01-14T10:24:18","guid":{"rendered":"https:\/\/vorosgeneral.hu\/?page_id=101"},"modified":"2025-01-14T13:29:17","modified_gmt":"2025-01-14T12:29:17","slug":"hoszigeteles","status":"publish","type":"page","link":"https:\/\/vorosgeneral.hu\/?page_id=101","title":{"rendered":"H\u0151szigetel\u00e9s"},"content":{"rendered":"\t\t<div data-elementor-type=\"wp-page\" data-elementor-id=\"101\" class=\"elementor elementor-101\" data-elementor-post-type=\"page\">\n\t\t\t\t<div class=\"elementor-element elementor-element-6b96b4b0 e-flex e-con-boxed e-con e-parent\" data-id=\"6b96b4b0\" data-element_type=\"container\" data-settings=\"{&quot;background_background&quot;:&quot;classic&quot;}\">\n\t\t\t\t\t<div class=\"e-con-inner\">\n\t\t\t\t<div class=\"elementor-element elementor-element-5e89471d elementor-widget__width-initial elementor-widget elementor-widget-image\" data-id=\"5e89471d\" data-element_type=\"widget\" data-widget_type=\"image.default\">\n\t\t\t\t<div class=\"elementor-widget-container\">\n\t\t\t\t\t\t\t\t\t\t\t\t\t\t\t<img fetchpriority=\"high\" decoding=\"async\" width=\"225\" height=\"300\" src=\"https:\/\/vorosgeneral.hu\/wp-content\/uploads\/2025\/01\/pexels-brettjordan-4482829-225x300.jpg\" class=\"attachment-medium size-medium wp-image-197\" alt=\"\" srcset=\"https:\/\/vorosgeneral.hu\/wp-content\/uploads\/2025\/01\/pexels-brettjordan-4482829-225x300.jpg 225w, https:\/\/vorosgeneral.hu\/wp-content\/uploads\/2025\/01\/pexels-brettjordan-4482829-768x1024.jpg 768w, https:\/\/vorosgeneral.hu\/wp-content\/uploads\/2025\/01\/pexels-brettjordan-4482829-1152x1536.jpg 1152w, https:\/\/vorosgeneral.hu\/wp-content\/uploads\/2025\/01\/pexels-brettjordan-4482829-1536x2048.jpg 1536w, https:\/\/vorosgeneral.hu\/wp-content\/uploads\/2025\/01\/pexels-brettjordan-4482829-scaled.jpg 1920w\" sizes=\"(max-width: 225px) 100vw, 225px\" \/>\t\t\t\t\t\t\t\t\t\t\t\t\t\t\t<\/div>\n\t\t\t\t<\/div>\n\t\t<div class=\"elementor-element elementor-element-7836fb1f e-con-full e-flex e-con e-child\" data-id=\"7836fb1f\" data-element_type=\"container\">\n\t\t\t\t<div class=\"elementor-element elementor-element-556606b7 animated-slow elementor-invisible elementor-widget elementor-widget-heading\" data-id=\"556606b7\" data-element_type=\"widget\" data-settings=\"{&quot;_animation&quot;:&quot;slideInUp&quot;}\" data-widget_type=\"heading.default\">\n\t\t\t\t<div class=\"elementor-widget-container\">\n\t\t\t\t\t<h2 class=\"elementor-heading-title elementor-size-default\">egy a szolg\u00e1ltat\u00e1sink k\u00f6z\u00fcl:<\/h2>\t\t\t\t<\/div>\n\t\t\t\t<\/div>\n\t\t\t\t<div class=\"elementor-element elementor-element-688f81a6 animated-slow elementor-invisible elementor-widget elementor-widget-heading\" data-id=\"688f81a6\" data-element_type=\"widget\" data-settings=\"{&quot;_animation&quot;:&quot;slideInUp&quot;}\" data-widget_type=\"heading.default\">\n\t\t\t\t<div class=\"elementor-widget-container\">\n\t\t\t\t\t<h2 class=\"elementor-heading-title elementor-size-default\">H\u0151szigetel\u00e9s<\/h2>\t\t\t\t<\/div>\n\t\t\t\t<\/div>\n\t\t\t\t<div class=\"elementor-element elementor-element-5f00441 elementor-widget elementor-widget-text-editor\" data-id=\"5f00441\" data-element_type=\"widget\" data-widget_type=\"text-editor.default\">\n\t\t\t\t<div class=\"elementor-widget-container\">\n\t\t\t\t\t\t\t\t\t<p>C\u00e9g\u00fcnk szak\u00e9rt\u0151 csapata teljes k\u00f6r\u0171 h\u0151szigetel\u00e9si szolg\u00e1ltat\u00e1sokat k\u00edn\u00e1l, amelyek seg\u00edtenek otthona energiahat\u00e9konys\u00e1g\u00e1nak n\u00f6vel\u00e9s\u00e9ben \u00e9s f\u0171t\u00e9si k\u00f6lts\u00e9geinek cs\u00f6kkent\u00e9s\u00e9ben. V\u00e1llaljuk \u00faj \u00e9p\u00fcletek h\u0151szigetel\u00e9s\u00e9t, megl\u00e9v\u0151 \u00e9p\u00fcletek szigetel\u00e9s\u00e9nek fel\u00faj\u00edt\u00e1s\u00e1t, valamint k\u00fcl\u00f6nb\u00f6z\u0151 t\u00edpus\u00fa szigetel\u0151anyagok alkalmaz\u00e1s\u00e1t. Munk\u00e1ink sor\u00e1n mindig a legmagasabb min\u0151s\u00e9get \u00e9s precizit\u00e1st garant\u00e1ljuk, hogy biztos\u00edtsuk a hossz\u00fa t\u00e1v\u00fa eredm\u00e9nyeket \u00e9s a k\u00edv\u00e1nt komfortot.<\/p>\t\t\t\t\t\t\t\t<\/div>\n\t\t\t\t<\/div>\n\t\t\t\t<div class=\"elementor-element elementor-element-7472e562 elementor-align-left elementor-mobile-align-center elementor-widget elementor-widget-button\" data-id=\"7472e562\" data-element_type=\"widget\" data-widget_type=\"button.default\">\n\t\t\t\t<div class=\"elementor-widget-container\">\n\t\t\t\t\t\t\t\t\t<div class=\"elementor-button-wrapper\">\n\t\t\t\t\t<a class=\"elementor-button elementor-button-link elementor-size-lg elementor-animation-grow\" href=\"https:\/\/vorosgeneral.hu\/?page_id=38\">\n\t\t\t\t\t\t<span class=\"elementor-button-content-wrapper\">\n\t\t\t\t\t\t\t\t\t<span class=\"elementor-button-text\">Aj\u00e1nlatk\u00e9r\u00e9s<\/span>\n\t\t\t\t\t<\/span>\n\t\t\t\t\t<\/a>\n\t\t\t\t<\/div>\n\t\t\t\t\t\t\t\t<\/div>\n\t\t\t\t<\/div>\n\t\t\t\t<\/div>\n\t\t\t\t\t<\/div>\n\t\t\t\t<\/div>\n\t\t<div class=\"elementor-element elementor-element-1a287c75 e-flex e-con-boxed e-con e-parent\" data-id=\"1a287c75\" data-element_type=\"container\">\n\t\t\t\t\t<div class=\"e-con-inner\">\n\t\t\t\t<div class=\"elementor-element elementor-element-1d24784d elementor-widget elementor-widget-heading\" data-id=\"1d24784d\" data-element_type=\"widget\" data-widget_type=\"heading.default\">\n\t\t\t\t<div class=\"elementor-widget-container\">\n\t\t\t\t\t<h2 class=\"elementor-heading-title elementor-size-default\">Referenci\u00e1k<\/h2>\t\t\t\t<\/div>\n\t\t\t\t<\/div>\n\t\t\t\t\t<\/div>\n\t\t\t\t<\/div>\n\t\t\t\t<\/div>\n\t\t","protected":false},"excerpt":{"rendered":"<p>egy a szolg\u00e1ltat\u00e1sink k\u00f6z\u00fcl: H\u0151szigetel\u00e9s C\u00e9g\u00fcnk szak\u00e9rt\u0151 csapata teljes k\u00f6r\u0171 h\u0151szigetel\u00e9si szolg\u00e1ltat\u00e1sokat k\u00edn\u00e1l, amelyek seg\u00edtenek otthona energiahat\u00e9konys\u00e1g\u00e1nak n\u00f6vel\u00e9s\u00e9ben \u00e9s f\u0171t\u00e9si k\u00f6lts\u00e9geinek cs\u00f6kkent\u00e9s\u00e9ben. V\u00e1llaljuk \u00faj \u00e9p\u00fcletek h\u0151szigetel\u00e9s\u00e9t, megl\u00e9v\u0151 \u00e9p\u00fcletek szigetel\u00e9s\u00e9nek fel\u00faj\u00edt\u00e1s\u00e1t, valamint k\u00fcl\u00f6nb\u00f6z\u0151 t\u00edpus\u00fa szigetel\u0151anyagok alkalmaz\u00e1s\u00e1t. Munk\u00e1ink sor\u00e1n mindig a legmagasabb min\u0151s\u00e9get \u00e9s precizit\u00e1st garant\u00e1ljuk, hogy biztos\u00edtsuk a hossz\u00fa t\u00e1v\u00fa eredm\u00e9nyeket \u00e9s a k\u00edv\u00e1nt komfortot. Aj\u00e1nlatk\u00e9r\u00e9s &#8230; <a title=\"H\u0151szigetel\u00e9s\" class=\"read-more\" href=\"https:\/\/vorosgeneral.hu\/?page_id=101\" aria-label=\"Read more about H\u0151szigetel\u00e9s\">Olvass tov\u00e1bb<\/a><\/p>\n","protected":false},"author":1,"featured_media":0,"parent":0,"menu_order":0,"comment_status":"closed","ping_status":"closed","template":"","meta":{"footnotes":""},"class_list":["post-101","page","type-page","status-publish"],"_links":{"self":[{"href":"https:\/\/vorosgeneral.hu\/index.php?rest_route=\/wp\/v2\/pages\/101","targetHints":{"allow":["GET"]}}],"collection":[{"href":"https:\/\/vorosgeneral.hu\/index.php?rest_route=\/wp\/v2\/pages"}],"about":[{"href":"https:\/\/vorosgeneral.hu\/index.php?rest_route=\/wp\/v2\/types\/page"}],"author":[{"embeddable":true,"href":"https:\/\/vorosgeneral.hu\/index.php?rest_route=\/wp\/v2\/users\/1"}],"replies":[{"embeddable":true,"href":"https:\/\/vorosgeneral.hu\/index.php?rest_route=%2Fwp%2Fv2%2Fcomments&post=101"}],"version-history":[{"count":7,"href":"https:\/\/vorosgeneral.hu\/index.php?rest_route=\/wp\/v2\/pages\/101\/revisions"}],"predecessor-version":[{"id":203,"href":"https:\/\/vorosgeneral.hu\/index.php?rest_route=\/wp\/v2\/pages\/101\/revisions\/203"}],"wp:attachment":[{"href":"https:\/\/vorosgeneral.hu\/index.php?rest_route=%2Fwp%2Fv2%2Fmedia&parent=101"}],"curies":[{"name":"wp","href":"https:\/\/api.w.org\/{rel}","templated":true}]}}