{"id":2,"date":"2025-01-07T10:19:06","date_gmt":"2025-01-07T09:19:06","guid":{"rendered":"http:\/\/vorosgeneral.hu\/?page_id=2"},"modified":"2025-04-23T09:34:03","modified_gmt":"2025-04-23T07:34:03","slug":"fooldal","status":"publish","type":"page","link":"https:\/\/vorosgeneral.hu\/","title":{"rendered":"F\u0151oldal"},"content":{"rendered":"\t\t<div data-elementor-type=\"wp-page\" data-elementor-id=\"2\" class=\"elementor elementor-2\" data-elementor-post-type=\"page\">\n\t\t\t\t<div class=\"elementor-element elementor-element-135838a7 e-flex e-con-boxed e-con e-parent\" data-id=\"135838a7\" data-element_type=\"container\" data-settings=\"{&quot;background_background&quot;:&quot;classic&quot;}\">\n\t\t\t\t\t<div class=\"e-con-inner\">\n\t\t\t\t<div class=\"elementor-element elementor-element-2573cc3 elementor-widget elementor-widget-heading\" data-id=\"2573cc3\" data-element_type=\"widget\" data-widget_type=\"heading.default\">\n\t\t\t\t<div class=\"elementor-widget-container\">\n\t\t\t\t\t<h2 class=\"elementor-heading-title elementor-size-default\">\u00dcdv\u00f6z\u00f6lj\u00fck weboldalunkon!<\/h2>\t\t\t\t<\/div>\n\t\t\t\t<\/div>\n\t\t\t\t<div class=\"elementor-element elementor-element-70179529 elementor-widget elementor-widget-heading\" data-id=\"70179529\" data-element_type=\"widget\" data-widget_type=\"heading.default\">\n\t\t\t\t<div class=\"elementor-widget-container\">\n\t\t\t\t\t<h1 class=\"elementor-heading-title elementor-size-default\">V\u00f6r\u00f6s Gener\u00e1l<\/h1>\t\t\t\t<\/div>\n\t\t\t\t<\/div>\n\t\t\t\t<div class=\"elementor-element elementor-element-3b719181 elementor-widget elementor-widget-text-editor\" data-id=\"3b719181\" data-element_type=\"widget\" data-widget_type=\"text-editor.default\">\n\t\t\t\t<div class=\"elementor-widget-container\">\n\t\t\t\t\t\t\t\t\t<div class=\"flex-shrink-0 flex flex-col relative items-end\"><div><div class=\"pt-0\"><div class=\"gizmo-bot-avatar flex h-8 w-8 items-center justify-center overflow-hidden rounded-full\"><div class=\"relative p-1 rounded-sm flex items-center justify-center bg-token-main-surface-primary text-token-text-primary h-8 w-8\">\u00a0<\/div><\/div><\/div><\/div><\/div><div class=\"group\/conversation-turn relative flex w-full min-w-0 flex-col agent-turn\"><div class=\"flex-col gap-1 md:gap-3\"><div class=\"flex max-w-full flex-col flex-grow\"><div class=\"min-h-8 text-message flex w-full flex-col items-end gap-2 whitespace-normal break-words text-start [.text-message+&amp;]:mt-5\" dir=\"auto\" data-message-author-role=\"assistant\" data-message-id=\"44a2c57a-a1b6-48c7-bdd0-645d8177053b\" data-message-model-slug=\"gpt-4o-mini\"><div class=\"flex w-full flex-col gap-1 empty:hidden first:pt-[3px]\"><div class=\"markdown prose w-full break-words dark:prose-invert dark\"><p>C\u00e9g\u00fcnk teljes k\u00f6r\u0171 \u00e9p\u00edt\u00e9si szolg\u00e1ltat\u00e1sokat k\u00edn\u00e1l, bele\u00e9rtve az \u00faj \u00e9p\u00edtkez\u00e9seket, fel\u00faj\u00edt\u00e1sokat \u00e9s kisebb jav\u00edt\u00e1sokat. Tapasztalt szakembereink gyors \u00e9s prec\u00edz munkav\u00e9gz\u00e9ssel biztos\u00edtj\u00e1k a magas min\u0151s\u00e9get.<\/p><\/div><\/div><\/div><\/div><\/div><\/div>\t\t\t\t\t\t\t\t<\/div>\n\t\t\t\t<\/div>\n\t\t\t\t<div class=\"elementor-element elementor-element-4df92128 elementor-align-center elementor-widget elementor-widget-button\" data-id=\"4df92128\" data-element_type=\"widget\" data-widget_type=\"button.default\">\n\t\t\t\t<div class=\"elementor-widget-container\">\n\t\t\t\t\t\t\t\t\t<div class=\"elementor-button-wrapper\">\n\t\t\t\t\t<a class=\"elementor-button elementor-button-link elementor-size-lg elementor-animation-grow\" href=\"#\">\n\t\t\t\t\t\t<span class=\"elementor-button-content-wrapper\">\n\t\t\t\t\t\t\t\t\t<span class=\"elementor-button-text\">Aj\u00e1nlatk\u00e9r\u00e9s<\/span>\n\t\t\t\t\t<\/span>\n\t\t\t\t\t<\/a>\n\t\t\t\t<\/div>\n\t\t\t\t\t\t\t\t<\/div>\n\t\t\t\t<\/div>\n\t\t\t\t<div class=\"elementor-element elementor-element-1d269f40 elementor-grid-1 elementor-widget__width-auto elementor-absolute elementor-grid-mobile-1 elementor-shape-rounded e-grid-align-center elementor-widget elementor-widget-social-icons\" data-id=\"1d269f40\" data-element_type=\"widget\" data-settings=\"{&quot;_position&quot;:&quot;absolute&quot;}\" data-widget_type=\"social-icons.default\">\n\t\t\t\t<div class=\"elementor-widget-container\">\n\t\t\t\t\t\t\t<div class=\"elementor-social-icons-wrapper elementor-grid\">\n\t\t\t\t\t\t\t<span class=\"elementor-grid-item\">\n\t\t\t\t\t<a class=\"elementor-icon elementor-social-icon elementor-social-icon-facebook elementor-animation-grow elementor-repeater-item-902d5c1\" target=\"_blank\">\n\t\t\t\t\t\t<span class=\"elementor-screen-only\">Facebook<\/span>\n\t\t\t\t\t\t<svg aria-hidden=\"true\" class=\"e-font-icon-svg e-fab-facebook\" viewBox=\"0 0 512 512\" xmlns=\"http:\/\/www.w3.org\/2000\/svg\"><path d=\"M504 256C504 119 393 8 256 8S8 119 8 256c0 123.78 90.69 226.38 209.25 245V327.69h-63V256h63v-54.64c0-62.15 37-96.48 93.67-96.48 27.14 0 55.52 4.84 55.52 4.84v61h-31.28c-30.8 0-40.41 19.12-40.41 38.73V256h68.78l-11 71.69h-57.78V501C413.31 482.38 504 379.78 504 256z\"><\/path><\/svg>\t\t\t\t\t<\/a>\n\t\t\t\t<\/span>\n\t\t\t\t\t<\/div>\n\t\t\t\t\t\t<\/div>\n\t\t\t\t<\/div>\n\t\t\t\t\t<\/div>\n\t\t\t\t<\/div>\n\t\t<div class=\"elementor-element elementor-element-5117655c e-con-full e-flex e-con e-parent\" data-id=\"5117655c\" data-element_type=\"container\" data-settings=\"{&quot;background_background&quot;:&quot;classic&quot;}\">\n\t\t<div class=\"elementor-element elementor-element-29496214 e-con-full e-flex e-con e-child\" data-id=\"29496214\" data-element_type=\"container\">\n\t\t\t\t<div class=\"elementor-element elementor-element-4e81d5f3 animated-slow elementor-invisible elementor-widget elementor-widget-heading\" data-id=\"4e81d5f3\" data-element_type=\"widget\" data-settings=\"{&quot;_animation&quot;:&quot;slideInUp&quot;}\" data-widget_type=\"heading.default\">\n\t\t\t\t<div class=\"elementor-widget-container\">\n\t\t\t\t\t<h2 class=\"elementor-heading-title elementor-size-default\">b\u0151vebben:<\/h2>\t\t\t\t<\/div>\n\t\t\t\t<\/div>\n\t\t\t\t<div class=\"elementor-element elementor-element-5d4b57bf animated-slow elementor-invisible elementor-widget elementor-widget-heading\" data-id=\"5d4b57bf\" data-element_type=\"widget\" data-settings=\"{&quot;_animation&quot;:&quot;slideInUp&quot;}\" data-widget_type=\"heading.default\">\n\t\t\t\t<div class=\"elementor-widget-container\">\n\t\t\t\t\t<h2 class=\"elementor-heading-title elementor-size-default\">Szolg\u00e1ltat\u00e1saink<\/h2>\t\t\t\t<\/div>\n\t\t\t\t<\/div>\n\t\t\t\t<\/div>\n\t\t<div class=\"elementor-element elementor-element-22cb174d e-con-full e-flex e-con e-child\" data-id=\"22cb174d\" data-element_type=\"container\">\n\t\t<div class=\"elementor-element elementor-element-10e0c099 animated-slow e-con-full e-flex elementor-invisible e-con e-child\" data-id=\"10e0c099\" data-element_type=\"container\" data-settings=\"{&quot;animation&quot;:&quot;fadeInUp&quot;,&quot;animation_delay&quot;:150}\">\n\t\t<div class=\"elementor-element elementor-element-510255a0 e-con-full e-flex e-con e-child\" data-id=\"510255a0\" data-element_type=\"container\">\n\t\t\t\t<div class=\"elementor-element elementor-element-6d62491 elementor-widget elementor-widget-image\" data-id=\"6d62491\" data-element_type=\"widget\" data-widget_type=\"image.default\">\n\t\t\t\t<div class=\"elementor-widget-container\">\n\t\t\t\t\t\t\t\t\t\t\t\t\t\t\t<img fetchpriority=\"high\" decoding=\"async\" width=\"1024\" height=\"578\" src=\"https:\/\/vorosgeneral.hu\/wp-content\/uploads\/2025\/01\/IMG_0678-e1736923925147-1024x578.jpeg\" class=\"attachment-large size-large wp-image-288\" alt=\"\" srcset=\"https:\/\/vorosgeneral.hu\/wp-content\/uploads\/2025\/01\/IMG_0678-e1736923925147-1024x578.jpeg 1024w, https:\/\/vorosgeneral.hu\/wp-content\/uploads\/2025\/01\/IMG_0678-e1736923925147-300x169.jpeg 300w, https:\/\/vorosgeneral.hu\/wp-content\/uploads\/2025\/01\/IMG_0678-e1736923925147-768x434.jpeg 768w, https:\/\/vorosgeneral.hu\/wp-content\/uploads\/2025\/01\/IMG_0678-e1736923925147.jpeg 1536w\" sizes=\"(max-width: 1024px) 100vw, 1024px\" \/>\t\t\t\t\t\t\t\t\t\t\t\t\t\t\t<\/div>\n\t\t\t\t<\/div>\n\t\t\t\t<div class=\"elementor-element elementor-element-fc165a9 elementor-widget__width-initial animated-slow elementor-invisible elementor-widget elementor-widget-spacer\" data-id=\"fc165a9\" data-element_type=\"widget\" data-settings=\"{&quot;_animation&quot;:&quot;rotateInDownLeft&quot;}\" data-widget_type=\"spacer.default\">\n\t\t\t\t<div class=\"elementor-widget-container\">\n\t\t\t\t\t\t\t<div class=\"elementor-spacer\">\n\t\t\t<div class=\"elementor-spacer-inner\"><\/div>\n\t\t<\/div>\n\t\t\t\t\t\t<\/div>\n\t\t\t\t<\/div>\n\t\t\t\t<\/div>\n\t\t\t\t<div class=\"elementor-element elementor-element-6caf0b07 elementor-cta--layout-image-left elementor-cta--skin-classic elementor-animated-content elementor-bg-transform elementor-bg-transform-zoom-in elementor-widget elementor-widget-call-to-action\" data-id=\"6caf0b07\" data-element_type=\"widget\" data-widget_type=\"call-to-action.default\">\n\t\t\t\t<div class=\"elementor-widget-container\">\n\t\t\t\t\t\t\t<div class=\"elementor-cta\">\n\t\t\t\t\t\t\t<div class=\"elementor-cta__content\">\n\t\t\t\t\n\t\t\t\t\t\t\t\t\t<h2 class=\"elementor-cta__title elementor-cta__content-item elementor-content-item\">\n\t\t\t\t\t\tGener\u00e1lkivitelez\u00e9s\t\t\t\t\t<\/h2>\n\t\t\t\t\n\t\t\t\t\t\t\t\t\t<div class=\"elementor-cta__description elementor-cta__content-item elementor-content-item\">\n\t\t\t\t\t\t<b>\u00c9p\u00edtesse vel\u00fcnk \u00e1lmai otthon\u00e1t!<br><\/b><br>\n\nTeljes k\u00f6r\u0171 gener\u00e1lkivitelez\u00e9s egy k\u00e9zb\u0151l: csal\u00e1di h\u00e1zak \u00e9p\u00edt\u00e9se az \u00d6n ig\u00e9nyeire szabva, garant\u00e1lt min\u0151s\u00e9gben!\t\t\t\t\t<\/div>\n\t\t\t\t\n\t\t\t\t\t\t\t\t\t<div class=\"elementor-cta__button-wrapper elementor-cta__content-item elementor-content-item \">\n\t\t\t\t\t<a class=\"elementor-cta__button elementor-button elementor-size-\" href=\"https:\/\/vorosgeneral.hu\/?page_id=93\">\n\t\t\t\t\t\tB\u0151vebben &gt;\t\t\t\t\t<\/a>\n\t\t\t\t\t<\/div>\n\t\t\t\t\t\t\t<\/div>\n\t\t\t\t\t\t<\/div>\n\t\t\t\t\t\t<\/div>\n\t\t\t\t<\/div>\n\t\t\t\t<\/div>\n\t\t<div class=\"elementor-element elementor-element-6ab55ee0 animated-slow e-con-full e-flex elementor-invisible e-con e-child\" data-id=\"6ab55ee0\" data-element_type=\"container\" data-settings=\"{&quot;animation&quot;:&quot;fadeInUp&quot;,&quot;animation_delay&quot;:300}\">\n\t\t<div class=\"elementor-element elementor-element-4bf48f87 e-con-full e-flex e-con e-child\" data-id=\"4bf48f87\" data-element_type=\"container\">\n\t\t\t\t<div class=\"elementor-element elementor-element-20bd990b elementor-widget elementor-widget-image\" data-id=\"20bd990b\" data-element_type=\"widget\" data-widget_type=\"image.default\">\n\t\t\t\t<div class=\"elementor-widget-container\">\n\t\t\t\t\t\t\t\t\t\t\t\t\t\t\t<img decoding=\"async\" width=\"1024\" height=\"577\" src=\"https:\/\/vorosgeneral.hu\/wp-content\/uploads\/2025\/01\/pexels-gowtham-agm-609630353-19688828-1-scaled-e1736923737875-1024x577.jpg\" class=\"attachment-large size-large wp-image-324\" alt=\"\" srcset=\"https:\/\/vorosgeneral.hu\/wp-content\/uploads\/2025\/01\/pexels-gowtham-agm-609630353-19688828-1-scaled-e1736923737875-1024x577.jpg 1024w, https:\/\/vorosgeneral.hu\/wp-content\/uploads\/2025\/01\/pexels-gowtham-agm-609630353-19688828-1-scaled-e1736923737875-300x169.jpg 300w, https:\/\/vorosgeneral.hu\/wp-content\/uploads\/2025\/01\/pexels-gowtham-agm-609630353-19688828-1-scaled-e1736923737875-768x433.jpg 768w, https:\/\/vorosgeneral.hu\/wp-content\/uploads\/2025\/01\/pexels-gowtham-agm-609630353-19688828-1-scaled-e1736923737875-1536x865.jpg 1536w, https:\/\/vorosgeneral.hu\/wp-content\/uploads\/2025\/01\/pexels-gowtham-agm-609630353-19688828-1-scaled-e1736923737875-2048x1154.jpg 2048w\" sizes=\"(max-width: 1024px) 100vw, 1024px\" \/>\t\t\t\t\t\t\t\t\t\t\t\t\t\t\t<\/div>\n\t\t\t\t<\/div>\n\t\t\t\t<div class=\"elementor-element elementor-element-6901a7c1 elementor-widget__width-initial animated-slow elementor-invisible elementor-widget elementor-widget-spacer\" data-id=\"6901a7c1\" data-element_type=\"widget\" data-settings=\"{&quot;_animation&quot;:&quot;rotateInDownLeft&quot;}\" data-widget_type=\"spacer.default\">\n\t\t\t\t<div class=\"elementor-widget-container\">\n\t\t\t\t\t\t\t<div class=\"elementor-spacer\">\n\t\t\t<div class=\"elementor-spacer-inner\"><\/div>\n\t\t<\/div>\n\t\t\t\t\t\t<\/div>\n\t\t\t\t<\/div>\n\t\t\t\t<\/div>\n\t\t\t\t<div class=\"elementor-element elementor-element-5f130337 elementor-cta--layout-image-left elementor-cta--skin-classic elementor-animated-content elementor-bg-transform elementor-bg-transform-zoom-in elementor-widget elementor-widget-call-to-action\" data-id=\"5f130337\" data-element_type=\"widget\" data-widget_type=\"call-to-action.default\">\n\t\t\t\t<div class=\"elementor-widget-container\">\n\t\t\t\t\t\t\t<div class=\"elementor-cta\">\n\t\t\t\t\t\t\t<div class=\"elementor-cta__content\">\n\t\t\t\t\n\t\t\t\t\t\t\t\t\t<h2 class=\"elementor-cta__title elementor-cta__content-item elementor-content-item\">\n\t\t\t\t\t\tK\u0151m\u0171vesmunka\t\t\t\t\t<\/h2>\n\t\t\t\t\n\t\t\t\t\t\t\t\t\t<div class=\"elementor-cta__description elementor-cta__content-item elementor-content-item\">\n\t\t\t\t\t\t<b>Prec\u00edz k\u0151m\u0171vesmunka.<br><\/b><br>\n\nK\u0151m\u0171vesmunk\u00e1k prec\u00edzen \u00e9s megb\u00edzhat\u00f3an: falaz\u00e1s, vakol\u00e1s, betonoz\u00e1s \u00e9s minden, ami az \u00e9p\u00edtkez\u00e9shez sz\u00fcks\u00e9ges, szak\u00e9rt\u0151 kezekb\u0151l!\t\t\t\t\t<\/div>\n\t\t\t\t\n\t\t\t\t\t\t\t\t\t<div class=\"elementor-cta__button-wrapper elementor-cta__content-item elementor-content-item \">\n\t\t\t\t\t<a class=\"elementor-cta__button elementor-button elementor-size-\" href=\"https:\/\/vorosgeneral.hu\/?page_id=97\">\n\t\t\t\t\t\tB\u0151vebben &gt;\t\t\t\t\t<\/a>\n\t\t\t\t\t<\/div>\n\t\t\t\t\t\t\t<\/div>\n\t\t\t\t\t\t<\/div>\n\t\t\t\t\t\t<\/div>\n\t\t\t\t<\/div>\n\t\t\t\t<\/div>\n\t\t<div class=\"elementor-element elementor-element-253de787 animated-slow e-con-full e-flex elementor-invisible e-con e-child\" data-id=\"253de787\" data-element_type=\"container\" data-settings=\"{&quot;animation&quot;:&quot;fadeInUp&quot;,&quot;animation_delay&quot;:600}\">\n\t\t<div class=\"elementor-element elementor-element-bcfad1c e-con-full e-flex e-con e-child\" data-id=\"bcfad1c\" data-element_type=\"container\">\n\t\t\t\t<div class=\"elementor-element elementor-element-518010b5 elementor-widget elementor-widget-image\" data-id=\"518010b5\" data-element_type=\"widget\" data-widget_type=\"image.default\">\n\t\t\t\t<div class=\"elementor-widget-container\">\n\t\t\t\t\t\t\t\t\t\t\t\t\t\t\t<img decoding=\"async\" width=\"1024\" height=\"577\" src=\"https:\/\/vorosgeneral.hu\/wp-content\/uploads\/2025\/01\/b505a1a3-45dd-4f92-972c-a4d830abba31-e1737027689359-1024x577.jpg\" class=\"attachment-large size-large wp-image-444\" alt=\"\" srcset=\"https:\/\/vorosgeneral.hu\/wp-content\/uploads\/2025\/01\/b505a1a3-45dd-4f92-972c-a4d830abba31-e1737027689359-1024x577.jpg 1024w, https:\/\/vorosgeneral.hu\/wp-content\/uploads\/2025\/01\/b505a1a3-45dd-4f92-972c-a4d830abba31-e1737027689359-300x169.jpg 300w, https:\/\/vorosgeneral.hu\/wp-content\/uploads\/2025\/01\/b505a1a3-45dd-4f92-972c-a4d830abba31-e1737027689359-768x433.jpg 768w, https:\/\/vorosgeneral.hu\/wp-content\/uploads\/2025\/01\/b505a1a3-45dd-4f92-972c-a4d830abba31-e1737027689359-1536x866.jpg 1536w, https:\/\/vorosgeneral.hu\/wp-content\/uploads\/2025\/01\/b505a1a3-45dd-4f92-972c-a4d830abba31-e1737027689359.jpg 2048w\" sizes=\"(max-width: 1024px) 100vw, 1024px\" \/>\t\t\t\t\t\t\t\t\t\t\t\t\t\t\t<\/div>\n\t\t\t\t<\/div>\n\t\t\t\t<div class=\"elementor-element elementor-element-3c4e9a08 elementor-widget__width-initial animated-slow elementor-invisible elementor-widget elementor-widget-spacer\" data-id=\"3c4e9a08\" data-element_type=\"widget\" data-settings=\"{&quot;_animation&quot;:&quot;rotateInDownLeft&quot;}\" data-widget_type=\"spacer.default\">\n\t\t\t\t<div class=\"elementor-widget-container\">\n\t\t\t\t\t\t\t<div class=\"elementor-spacer\">\n\t\t\t<div class=\"elementor-spacer-inner\"><\/div>\n\t\t<\/div>\n\t\t\t\t\t\t<\/div>\n\t\t\t\t<\/div>\n\t\t\t\t<\/div>\n\t\t\t\t<div class=\"elementor-element elementor-element-23b6969c elementor-cta--layout-image-left elementor-cta--skin-classic elementor-animated-content elementor-bg-transform elementor-bg-transform-zoom-in elementor-widget elementor-widget-call-to-action\" data-id=\"23b6969c\" data-element_type=\"widget\" data-widget_type=\"call-to-action.default\">\n\t\t\t\t<div class=\"elementor-widget-container\">\n\t\t\t\t\t\t\t<div class=\"elementor-cta\">\n\t\t\t\t\t\t\t<div class=\"elementor-cta__content\">\n\t\t\t\t\n\t\t\t\t\t\t\t\t\t<h2 class=\"elementor-cta__title elementor-cta__content-item elementor-content-item\">\n\t\t\t\t\t\tT\u00e9rk\u0151burkol\u00e1s\t\t\t\t\t<\/h2>\n\t\t\t\t\n\t\t\t\t\t\t\t\t\t<div class=\"elementor-cta__description elementor-cta__content-item elementor-content-item\">\n\t\t\t\t\t\t<b>T\u00e9rk\u0151burkol\u00e1s tart\u00f3san.<br><\/b><br>\n\nT\u00e9rk\u0151burkol\u00e1s prec\u00edzen \u00e9s megb\u00edzhat\u00f3an: kerti utak, teraszok, parkol\u00f3k \u00e9s egyedi burkolatok kivitelez\u00e9se, szak\u00e9rt\u0151 kezekb\u0151l!\t\t\t\t\t<\/div>\n\t\t\t\t\n\t\t\t\t\t\t\t\t\t<div class=\"elementor-cta__button-wrapper elementor-cta__content-item elementor-content-item \">\n\t\t\t\t\t<a class=\"elementor-cta__button elementor-button elementor-size-\" href=\"https:\/\/vorosgeneral.hu\/?page_id=95\">\n\t\t\t\t\t\tB\u0151vebben &gt;\t\t\t\t\t<\/a>\n\t\t\t\t\t<\/div>\n\t\t\t\t\t\t\t<\/div>\n\t\t\t\t\t\t<\/div>\n\t\t\t\t\t\t<\/div>\n\t\t\t\t<\/div>\n\t\t\t\t<\/div>\n\t\t\t\t<\/div>\n\t\t\t\t<\/div>\n\t\t<div class=\"elementor-element elementor-element-4d08d793 e-flex e-con-boxed e-con e-parent\" data-id=\"4d08d793\" data-element_type=\"container\" data-settings=\"{&quot;background_background&quot;:&quot;classic&quot;}\">\n\t\t\t\t\t<div class=\"e-con-inner\">\n\t\t\t\t<div class=\"elementor-element elementor-element-72c0de12 animated-slow elementor-invisible elementor-widget elementor-widget-heading\" data-id=\"72c0de12\" data-element_type=\"widget\" data-settings=\"{&quot;_animation&quot;:&quot;slideInUp&quot;}\" data-widget_type=\"heading.default\">\n\t\t\t\t<div class=\"elementor-widget-container\">\n\t\t\t\t\t<h2 class=\"elementor-heading-title elementor-size-default\">Mi\u00e9rt v\u00e1lasszon<\/h2>\t\t\t\t<\/div>\n\t\t\t\t<\/div>\n\t\t\t\t<div class=\"elementor-element elementor-element-424fac83 animated-slow elementor-invisible elementor-widget elementor-widget-heading\" data-id=\"424fac83\" data-element_type=\"widget\" data-settings=\"{&quot;_animation&quot;:&quot;slideInUp&quot;}\" data-widget_type=\"heading.default\">\n\t\t\t\t<div class=\"elementor-widget-container\">\n\t\t\t\t\t<h2 class=\"elementor-heading-title elementor-size-default\">MInket?<\/h2>\t\t\t\t<\/div>\n\t\t\t\t<\/div>\n\t\t<div class=\"elementor-element elementor-element-64309772 e-con-full e-flex e-con e-child\" data-id=\"64309772\" data-element_type=\"container\">\n\t\t<div class=\"elementor-element elementor-element-65c3035f animated-slow e-con-full e-flex elementor-invisible e-con e-child\" data-id=\"65c3035f\" data-element_type=\"container\" data-settings=\"{&quot;animation&quot;:&quot;fadeInUp&quot;,&quot;animation_delay&quot;:150}\">\n\t\t\t\t<div class=\"elementor-element elementor-element-4e178013 elementor-vertical-align-top elementor-widget elementor-widget-image-box\" data-id=\"4e178013\" data-element_type=\"widget\" data-widget_type=\"image-box.default\">\n\t\t\t\t<div class=\"elementor-widget-container\">\n\t\t\t\t\t<div class=\"elementor-image-box-wrapper\"><div class=\"elementor-image-box-content\"><h3 class=\"elementor-image-box-title\"> Tapasztalt szakemberek<\/h3><p class=\"elementor-image-box-description\">Tapasztalt szakembereink megb\u00edzhat\u00f3an \u00e9s prec\u00edzen val\u00f3s\u00edtj\u00e1k meg elk\u00e9pzel\u00e9seit. Szaktud\u00e1sunk \u00e9s t\u00f6bb\u00e9ves gyakorlatunk garant\u00e1lja a min\u0151s\u00e9gi kivitelez\u00e9st.<\/p><\/div><\/div>\t\t\t\t<\/div>\n\t\t\t\t<\/div>\n\t\t\t\t<\/div>\n\t\t<div class=\"elementor-element elementor-element-833a8fe animated-slow e-con-full e-flex elementor-invisible e-con e-child\" data-id=\"833a8fe\" data-element_type=\"container\" data-settings=\"{&quot;animation&quot;:&quot;fadeInUp&quot;,&quot;animation_delay&quot;:150}\">\n\t\t\t\t<div class=\"elementor-element elementor-element-1ce3c107 elementor-vertical-align-top elementor-widget elementor-widget-image-box\" data-id=\"1ce3c107\" data-element_type=\"widget\" data-widget_type=\"image-box.default\">\n\t\t\t\t<div class=\"elementor-widget-container\">\n\t\t\t\t\t<div class=\"elementor-image-box-wrapper\"><div class=\"elementor-image-box-content\"><h3 class=\"elementor-image-box-title\">Kedvez\u0151 \u00e1r-\u00e9rt\u00e9k ar\u00e1ny<\/h3><p class=\"elementor-image-box-description\">Kedvez\u0151 \u00e1r-\u00e9rt\u00e9k ar\u00e1ny\u00fa szolg\u00e1ltat\u00e1saink garant\u00e1lj\u00e1k, hogy min\u0151s\u00e9get kap el\u00e9rhet\u0151 \u00e1ron. Vel\u00fcnk biztos lehet a k\u00f6lts\u00e9ghat\u00e9konys\u00e1gban \u00e9s az el\u00e9gedetts\u00e9gben.<\/p><\/div><\/div>\t\t\t\t<\/div>\n\t\t\t\t<\/div>\n\t\t\t\t<\/div>\n\t\t<div class=\"elementor-element elementor-element-638aa6e animated-slow e-con-full e-flex elementor-invisible e-con e-child\" data-id=\"638aa6e\" data-element_type=\"container\" data-settings=\"{&quot;animation&quot;:&quot;fadeInUp&quot;,&quot;animation_delay&quot;:150}\">\n\t\t\t\t<div class=\"elementor-element elementor-element-399922c5 elementor-vertical-align-top elementor-widget elementor-widget-image-box\" data-id=\"399922c5\" data-element_type=\"widget\" data-widget_type=\"image-box.default\">\n\t\t\t\t<div class=\"elementor-widget-container\">\n\t\t\t\t\t<div class=\"elementor-image-box-wrapper\"><div class=\"elementor-image-box-content\"><h3 class=\"elementor-image-box-title\">Min\u0151s\u00e9gi alapanyagok<\/h3><p class=\"elementor-image-box-description\">Min\u0151s\u00e9gi alapanyagokkal dolgozunk, hogy tart\u00f3s \u00e9s eszt\u00e9tikus eredm\u00e9nyt ny\u00fajtsunk. B\u00edzza r\u00e1nk, \u00e9s garant\u00e1ljuk a kiv\u00e1l\u00f3 min\u0151s\u00e9get!<\/p><\/div><\/div>\t\t\t\t<\/div>\n\t\t\t\t<\/div>\n\t\t\t\t<\/div>\n\t\t\t\t<\/div>\n\t\t\t\t\t<\/div>\n\t\t\t\t<\/div>\n\t\t<div class=\"elementor-element elementor-element-7a1db149 e-con-full e-flex e-con e-parent\" data-id=\"7a1db149\" data-element_type=\"container\" data-settings=\"{&quot;background_background&quot;:&quot;classic&quot;}\">\n\t\t\t\t<div class=\"elementor-element elementor-element-41a0e94 elementor-widget elementor-widget-heading\" data-id=\"41a0e94\" data-element_type=\"widget\" data-widget_type=\"heading.default\">\n\t\t\t\t<div class=\"elementor-widget-container\">\n\t\t\t\t\t<h2 class=\"elementor-heading-title elementor-size-default\">Ha szolg\u00e1ltat\u00e1saink b\u00e1rmelyike felkeltette \u00e9rdekl\u0151d\u00e9s\u00e9t<\/h2>\t\t\t\t<\/div>\n\t\t\t\t<\/div>\n\t\t\t\t<div class=\"elementor-element elementor-element-31fcdd96 elementor-widget elementor-widget-heading\" data-id=\"31fcdd96\" data-element_type=\"widget\" data-widget_type=\"heading.default\">\n\t\t\t\t<div class=\"elementor-widget-container\">\n\t\t\t\t\t<h2 class=\"elementor-heading-title elementor-size-default\">K\u00e9rjen aj\u00e1nlatot<BR>\nm\u00e9g ma!<\/h2>\t\t\t\t<\/div>\n\t\t\t\t<\/div>\n\t\t\t\t<div class=\"elementor-element elementor-element-1d586ae5 elementor-align-center elementor-widget elementor-widget-button\" data-id=\"1d586ae5\" data-element_type=\"widget\" data-widget_type=\"button.default\">\n\t\t\t\t<div class=\"elementor-widget-container\">\n\t\t\t\t\t\t\t\t\t<div class=\"elementor-button-wrapper\">\n\t\t\t\t\t<a class=\"elementor-button elementor-button-link elementor-size-lg elementor-animation-grow\" href=\"https:\/\/vorosgeneral.hu\/?page_id=38\">\n\t\t\t\t\t\t<span class=\"elementor-button-content-wrapper\">\n\t\t\t\t\t\t\t\t\t<span class=\"elementor-button-text\">Aj\u00e1nlatk\u00e9r\u00e9s<\/span>\n\t\t\t\t\t<\/span>\n\t\t\t\t\t<\/a>\n\t\t\t\t<\/div>\n\t\t\t\t\t\t\t\t<\/div>\n\t\t\t\t<\/div>\n\t\t\t\t<\/div>\n\t\t\t\t<\/div>\n\t\t","protected":false},"excerpt":{"rendered":"<p>\u00dcdv\u00f6z\u00f6lj\u00fck weboldalunkon! V\u00f6r\u00f6s Gener\u00e1l \u00a0 C\u00e9g\u00fcnk teljes k\u00f6r\u0171 \u00e9p\u00edt\u00e9si szolg\u00e1ltat\u00e1sokat k\u00edn\u00e1l, bele\u00e9rtve az \u00faj \u00e9p\u00edtkez\u00e9seket, fel\u00faj\u00edt\u00e1sokat \u00e9s kisebb jav\u00edt\u00e1sokat. Tapasztalt szakembereink gyors \u00e9s prec\u00edz munkav\u00e9gz\u00e9ssel biztos\u00edtj\u00e1k a magas min\u0151s\u00e9get. Aj\u00e1nlatk\u00e9r\u00e9s Facebook b\u0151vebben: Szolg\u00e1ltat\u00e1saink Gener\u00e1lkivitelez\u00e9s \u00c9p\u00edtesse vel\u00fcnk \u00e1lmai otthon\u00e1t! Teljes k\u00f6r\u0171 gener\u00e1lkivitelez\u00e9s egy k\u00e9zb\u0151l: csal\u00e1di h\u00e1zak \u00e9p\u00edt\u00e9se az \u00d6n ig\u00e9nyeire szabva, garant\u00e1lt min\u0151s\u00e9gben! B\u0151vebben > K\u0151m\u0171vesmunka &#8230; <a title=\"F\u0151oldal\" class=\"read-more\" href=\"https:\/\/vorosgeneral.hu\/\" aria-label=\"Read more about F\u0151oldal\">Olvass tov\u00e1bb<\/a><\/p>\n","protected":false},"author":1,"featured_media":0,"parent":0,"menu_order":0,"comment_status":"closed","ping_status":"closed","template":"elementor_header_footer","meta":{"footnotes":""},"class_list":["post-2","page","type-page","status-publish"],"_links":{"self":[{"href":"https:\/\/vorosgeneral.hu\/index.php?rest_route=\/wp\/v2\/pages\/2","targetHints":{"allow":["GET"]}}],"collection":[{"href":"https:\/\/vorosgeneral.hu\/index.php?rest_route=\/wp\/v2\/pages"}],"about":[{"href":"https:\/\/vorosgeneral.hu\/index.php?rest_route=\/wp\/v2\/types\/page"}],"author":[{"embeddable":true,"href":"https:\/\/vorosgeneral.hu\/index.php?rest_route=\/wp\/v2\/users\/1"}],"replies":[{"embeddable":true,"href":"https:\/\/vorosgeneral.hu\/index.php?rest_route=%2Fwp%2Fv2%2Fcomments&post=2"}],"version-history":[{"count":106,"href":"https:\/\/vorosgeneral.hu\/index.php?rest_route=\/wp\/v2\/pages\/2\/revisions"}],"predecessor-version":[{"id":518,"href":"https:\/\/vorosgeneral.hu\/index.php?rest_route=\/wp\/v2\/pages\/2\/revisions\/518"}],"wp:attachment":[{"href":"https:\/\/vorosgeneral.hu\/index.php?rest_route=%2Fwp%2Fv2%2Fmedia&parent=2"}],"curies":[{"name":"wp","href":"https:\/\/api.w.org\/{rel}","templated":true}]}}