{"id":308,"date":"2025-01-15T07:38:53","date_gmt":"2025-01-15T06:38:53","guid":{"rendered":"https:\/\/vorosgeneral.hu\/?page_id=308"},"modified":"2025-01-15T08:00:30","modified_gmt":"2025-01-15T07:00:30","slug":"festes","status":"publish","type":"page","link":"https:\/\/vorosgeneral.hu\/?page_id=308","title":{"rendered":"Fest\u00e9s"},"content":{"rendered":"\t\t<div data-elementor-type=\"wp-page\" data-elementor-id=\"308\" class=\"elementor elementor-308\" data-elementor-post-type=\"page\">\n\t\t\t\t<div class=\"elementor-element elementor-element-3dbd80f2 e-flex e-con-boxed e-con e-parent\" data-id=\"3dbd80f2\" data-element_type=\"container\" data-settings=\"{&quot;background_background&quot;:&quot;classic&quot;}\">\n\t\t\t\t\t<div class=\"e-con-inner\">\n\t\t\t\t<div class=\"elementor-element elementor-element-4c4d01c6 elementor-widget__width-initial elementor-widget elementor-widget-image\" data-id=\"4c4d01c6\" data-element_type=\"widget\" data-widget_type=\"image.default\">\n\t\t\t\t<div class=\"elementor-widget-container\">\n\t\t\t\t\t\t\t\t\t\t\t\t\t\t\t<img fetchpriority=\"high\" decoding=\"async\" width=\"300\" height=\"200\" src=\"https:\/\/vorosgeneral.hu\/wp-content\/uploads\/2025\/01\/pexels-reneterp-3990359-300x200.jpg\" class=\"attachment-medium size-medium wp-image-316\" alt=\"\" srcset=\"https:\/\/vorosgeneral.hu\/wp-content\/uploads\/2025\/01\/pexels-reneterp-3990359-300x200.jpg 300w, https:\/\/vorosgeneral.hu\/wp-content\/uploads\/2025\/01\/pexels-reneterp-3990359-1024x683.jpg 1024w, https:\/\/vorosgeneral.hu\/wp-content\/uploads\/2025\/01\/pexels-reneterp-3990359-768x512.jpg 768w, https:\/\/vorosgeneral.hu\/wp-content\/uploads\/2025\/01\/pexels-reneterp-3990359-1536x1024.jpg 1536w, https:\/\/vorosgeneral.hu\/wp-content\/uploads\/2025\/01\/pexels-reneterp-3990359-2048x1365.jpg 2048w\" sizes=\"(max-width: 300px) 100vw, 300px\" \/>\t\t\t\t\t\t\t\t\t\t\t\t\t\t\t<\/div>\n\t\t\t\t<\/div>\n\t\t<div class=\"elementor-element elementor-element-2e27c462 e-con-full e-flex e-con e-child\" data-id=\"2e27c462\" data-element_type=\"container\">\n\t\t\t\t<div class=\"elementor-element elementor-element-7b24bd95 animated-slow elementor-invisible elementor-widget elementor-widget-heading\" data-id=\"7b24bd95\" data-element_type=\"widget\" data-settings=\"{&quot;_animation&quot;:&quot;slideInUp&quot;}\" data-widget_type=\"heading.default\">\n\t\t\t\t<div class=\"elementor-widget-container\">\n\t\t\t\t\t<h2 class=\"elementor-heading-title elementor-size-default\">egy a szolg\u00e1ltat\u00e1sink k\u00f6z\u00fcl:<\/h2>\t\t\t\t<\/div>\n\t\t\t\t<\/div>\n\t\t\t\t<div class=\"elementor-element elementor-element-62cce89b animated-slow elementor-invisible elementor-widget elementor-widget-heading\" data-id=\"62cce89b\" data-element_type=\"widget\" data-settings=\"{&quot;_animation&quot;:&quot;slideInUp&quot;}\" data-widget_type=\"heading.default\">\n\t\t\t\t<div class=\"elementor-widget-container\">\n\t\t\t\t\t<h2 class=\"elementor-heading-title elementor-size-default\">Fest\u00e9s<\/h2>\t\t\t\t<\/div>\n\t\t\t\t<\/div>\n\t\t\t\t<div class=\"elementor-element elementor-element-438bf192 elementor-widget elementor-widget-text-editor\" data-id=\"438bf192\" data-element_type=\"widget\" data-widget_type=\"text-editor.default\">\n\t\t\t\t<div class=\"elementor-widget-container\">\n\t\t\t\t\t\t\t\t\t<p>Szakszer\u0171 fest\u00e9si szolg\u00e1ltat\u00e1sainkkal otthonokat \u00e9s munkahelyeket var\u00e1zsolunk \u00fajj\u00e1, legyen sz\u00f3 falak, mennyezetek vagy ny\u00edl\u00e1sz\u00e1r\u00f3k fest\u00e9s\u00e9r\u0151l. Tapasztalt csapatunk prec\u00edzen \u00e9s alaposan dolgozik, hogy az eredm\u00e9ny eszt\u00e9tikus \u00e9s tart\u00f3s legyen. B\u00edzza r\u00e1nk a fest\u00e9st, \u00e9s garant\u00e1ljuk a pontos \u00e9s megfizethet\u0151 kivitelez\u00e9st!<\/p>\t\t\t\t\t\t\t\t<\/div>\n\t\t\t\t<\/div>\n\t\t\t\t<div class=\"elementor-element elementor-element-3f0f9524 elementor-align-left elementor-mobile-align-center elementor-widget elementor-widget-button\" data-id=\"3f0f9524\" data-element_type=\"widget\" data-widget_type=\"button.default\">\n\t\t\t\t<div class=\"elementor-widget-container\">\n\t\t\t\t\t\t\t\t\t<div class=\"elementor-button-wrapper\">\n\t\t\t\t\t<a class=\"elementor-button elementor-button-link elementor-size-lg elementor-animation-grow\" href=\"https:\/\/vorosgeneral.hu\/?page_id=38\">\n\t\t\t\t\t\t<span class=\"elementor-button-content-wrapper\">\n\t\t\t\t\t\t\t\t\t<span class=\"elementor-button-text\">Aj\u00e1nlatk\u00e9r\u00e9s<\/span>\n\t\t\t\t\t<\/span>\n\t\t\t\t\t<\/a>\n\t\t\t\t<\/div>\n\t\t\t\t\t\t\t\t<\/div>\n\t\t\t\t<\/div>\n\t\t\t\t<\/div>\n\t\t\t\t\t<\/div>\n\t\t\t\t<\/div>\n\t\t\t\t<\/div>\n\t\t","protected":false},"excerpt":{"rendered":"<p>egy a szolg\u00e1ltat\u00e1sink k\u00f6z\u00fcl: Fest\u00e9s Szakszer\u0171 fest\u00e9si szolg\u00e1ltat\u00e1sainkkal otthonokat \u00e9s munkahelyeket var\u00e1zsolunk \u00fajj\u00e1, legyen sz\u00f3 falak, mennyezetek vagy ny\u00edl\u00e1sz\u00e1r\u00f3k fest\u00e9s\u00e9r\u0151l. Tapasztalt csapatunk prec\u00edzen \u00e9s alaposan dolgozik, hogy az eredm\u00e9ny eszt\u00e9tikus \u00e9s tart\u00f3s legyen. B\u00edzza r\u00e1nk a fest\u00e9st, \u00e9s garant\u00e1ljuk a pontos \u00e9s megfizethet\u0151 kivitelez\u00e9st! Aj\u00e1nlatk\u00e9r\u00e9s<\/p>\n","protected":false},"author":1,"featured_media":0,"parent":0,"menu_order":0,"comment_status":"closed","ping_status":"closed","template":"","meta":{"footnotes":""},"class_list":["post-308","page","type-page","status-publish"],"_links":{"self":[{"href":"https:\/\/vorosgeneral.hu\/index.php?rest_route=\/wp\/v2\/pages\/308","targetHints":{"allow":["GET"]}}],"collection":[{"href":"https:\/\/vorosgeneral.hu\/index.php?rest_route=\/wp\/v2\/pages"}],"about":[{"href":"https:\/\/vorosgeneral.hu\/index.php?rest_route=\/wp\/v2\/types\/page"}],"author":[{"embeddable":true,"href":"https:\/\/vorosgeneral.hu\/index.php?rest_route=\/wp\/v2\/users\/1"}],"replies":[{"embeddable":true,"href":"https:\/\/vorosgeneral.hu\/index.php?rest_route=%2Fwp%2Fv2%2Fcomments&post=308"}],"version-history":[{"count":13,"href":"https:\/\/vorosgeneral.hu\/index.php?rest_route=\/wp\/v2\/pages\/308\/revisions"}],"predecessor-version":[{"id":343,"href":"https:\/\/vorosgeneral.hu\/index.php?rest_route=\/wp\/v2\/pages\/308\/revisions\/343"}],"wp:attachment":[{"href":"https:\/\/vorosgeneral.hu\/index.php?rest_route=%2Fwp%2Fv2%2Fmedia&parent=308"}],"curies":[{"name":"wp","href":"https:\/\/api.w.org\/{rel}","templated":true}]}}