{"id":369,"date":"2025-01-15T13:04:10","date_gmt":"2025-01-15T12:04:10","guid":{"rendered":"https:\/\/vorosgeneral.hu\/?page_id=369"},"modified":"2025-01-16T12:18:32","modified_gmt":"2025-01-16T11:18:32","slug":"acsmunka","status":"publish","type":"page","link":"https:\/\/vorosgeneral.hu\/?page_id=369","title":{"rendered":"\u00c1csmunka"},"content":{"rendered":"\t\t<div data-elementor-type=\"wp-page\" data-elementor-id=\"369\" class=\"elementor elementor-369\" data-elementor-post-type=\"page\">\n\t\t\t\t<div class=\"elementor-element elementor-element-7c29144f e-flex e-con-boxed e-con e-parent\" data-id=\"7c29144f\" data-element_type=\"container\" data-settings=\"{&quot;background_background&quot;:&quot;classic&quot;}\">\n\t\t\t\t\t<div class=\"e-con-inner\">\n\t\t\t\t<div class=\"elementor-element elementor-element-31f4b5ae elementor-widget__width-initial elementor-widget elementor-widget-image\" data-id=\"31f4b5ae\" data-element_type=\"widget\" data-widget_type=\"image.default\">\n\t\t\t\t<div class=\"elementor-widget-container\">\n\t\t\t\t\t\t\t\t\t\t\t\t\t\t\t<img fetchpriority=\"high\" decoding=\"async\" width=\"300\" height=\"225\" src=\"https:\/\/vorosgeneral.hu\/wp-content\/uploads\/2025\/01\/IMG_6176-300x225.jpeg\" class=\"attachment-medium size-medium wp-image-376\" alt=\"\" srcset=\"https:\/\/vorosgeneral.hu\/wp-content\/uploads\/2025\/01\/IMG_6176-300x225.jpeg 300w, https:\/\/vorosgeneral.hu\/wp-content\/uploads\/2025\/01\/IMG_6176-1024x768.jpeg 1024w, https:\/\/vorosgeneral.hu\/wp-content\/uploads\/2025\/01\/IMG_6176-768x576.jpeg 768w, https:\/\/vorosgeneral.hu\/wp-content\/uploads\/2025\/01\/IMG_6176-1536x1152.jpeg 1536w, https:\/\/vorosgeneral.hu\/wp-content\/uploads\/2025\/01\/IMG_6176.jpeg 2048w\" sizes=\"(max-width: 300px) 100vw, 300px\" \/>\t\t\t\t\t\t\t\t\t\t\t\t\t\t\t<\/div>\n\t\t\t\t<\/div>\n\t\t<div class=\"elementor-element elementor-element-323a6ef9 e-con-full e-flex e-con e-child\" data-id=\"323a6ef9\" data-element_type=\"container\">\n\t\t\t\t<div class=\"elementor-element elementor-element-178b51ce animated-slow elementor-invisible elementor-widget elementor-widget-heading\" data-id=\"178b51ce\" data-element_type=\"widget\" data-settings=\"{&quot;_animation&quot;:&quot;slideInUp&quot;}\" data-widget_type=\"heading.default\">\n\t\t\t\t<div class=\"elementor-widget-container\">\n\t\t\t\t\t<h2 class=\"elementor-heading-title elementor-size-default\">egy a szolg\u00e1ltat\u00e1sink k\u00f6z\u00fcl:<\/h2>\t\t\t\t<\/div>\n\t\t\t\t<\/div>\n\t\t\t\t<div class=\"elementor-element elementor-element-11828224 animated-slow elementor-invisible elementor-widget elementor-widget-heading\" data-id=\"11828224\" data-element_type=\"widget\" data-settings=\"{&quot;_animation&quot;:&quot;slideInUp&quot;}\" data-widget_type=\"heading.default\">\n\t\t\t\t<div class=\"elementor-widget-container\">\n\t\t\t\t\t<h2 class=\"elementor-heading-title elementor-size-default\">\u00c1csmunka<\/h2>\t\t\t\t<\/div>\n\t\t\t\t<\/div>\n\t\t\t\t<div class=\"elementor-element elementor-element-674293f3 elementor-widget elementor-widget-text-editor\" data-id=\"674293f3\" data-element_type=\"widget\" data-widget_type=\"text-editor.default\">\n\t\t\t\t<div class=\"elementor-widget-container\">\n\t\t\t\t\t\t\t\t\t<p>C\u00e9g\u00fcnk megb\u00edzhat\u00f3 \u00e9s tapasztalt csapattal v\u00e1llalja \u00e1csmunk\u00e1k teljes k\u00f6r\u0171 kivitelez\u00e9s\u00e9t, legyen sz\u00f3 \u00faj \u00e9p\u00edt\u00e9sr\u0151l, fel\u00faj\u00edt\u00e1sr\u00f3l vagy kisebb jav\u00edt\u00e1sokr\u00f3l. Garant\u00e1ljuk az ig\u00e9nyes, tart\u00f3s \u00e9s prec\u00edz munkav\u00e9gz\u00e9st.<br \/>Munk\u00e1ink k\u00f6z\u00f6tt szerepel a tet\u0151szerkezetek \u00e9p\u00edt\u00e9se, jav\u00edt\u00e1sa \u00e9s karbantart\u00e1sa, faszerkezetek k\u00e9sz\u00edt\u00e9se, valamint egyedi \u00e1csmunk\u00e1k elv\u00e9gz\u00e9se \u2013 mindezt magas szakmai sz\u00ednvonalon.<\/p>\t\t\t\t\t\t\t\t<\/div>\n\t\t\t\t<\/div>\n\t\t\t\t<div class=\"elementor-element elementor-element-6848a83c elementor-align-left elementor-mobile-align-center elementor-widget elementor-widget-button\" data-id=\"6848a83c\" data-element_type=\"widget\" data-widget_type=\"button.default\">\n\t\t\t\t<div class=\"elementor-widget-container\">\n\t\t\t\t\t\t\t\t\t<div class=\"elementor-button-wrapper\">\n\t\t\t\t\t<a class=\"elementor-button elementor-button-link elementor-size-lg elementor-animation-grow\" href=\"https:\/\/vorosgeneral.hu\/?page_id=38\">\n\t\t\t\t\t\t<span class=\"elementor-button-content-wrapper\">\n\t\t\t\t\t\t\t\t\t<span class=\"elementor-button-text\">Aj\u00e1nlatk\u00e9r\u00e9s<\/span>\n\t\t\t\t\t<\/span>\n\t\t\t\t\t<\/a>\n\t\t\t\t<\/div>\n\t\t\t\t\t\t\t\t<\/div>\n\t\t\t\t<\/div>\n\t\t\t\t<\/div>\n\t\t\t\t\t<\/div>\n\t\t\t\t<\/div>\n\t\t<div class=\"elementor-element elementor-element-eae45ef e-flex e-con-boxed e-con e-parent\" data-id=\"eae45ef\" data-element_type=\"container\">\n\t\t\t\t\t<div class=\"e-con-inner\">\n\t\t\t\t<div class=\"elementor-element elementor-element-3c5b17b6 elementor-widget elementor-widget-heading\" data-id=\"3c5b17b6\" data-element_type=\"widget\" data-widget_type=\"heading.default\">\n\t\t\t\t<div class=\"elementor-widget-container\">\n\t\t\t\t\t<h2 class=\"elementor-heading-title elementor-size-default\">Referenci\u00e1k<\/h2>\t\t\t\t<\/div>\n\t\t\t\t<\/div>\n\t\t\t\t<div class=\"elementor-element elementor-element-b4177bd elementor-widget elementor-widget-gallery\" data-id=\"b4177bd\" data-element_type=\"widget\" data-settings=\"{&quot;lazyload&quot;:&quot;yes&quot;,&quot;gallery_layout&quot;:&quot;grid&quot;,&quot;columns&quot;:4,&quot;columns_tablet&quot;:2,&quot;columns_mobile&quot;:1,&quot;gap&quot;:{&quot;unit&quot;:&quot;px&quot;,&quot;size&quot;:10,&quot;sizes&quot;:[]},&quot;gap_tablet&quot;:{&quot;unit&quot;:&quot;px&quot;,&quot;size&quot;:10,&quot;sizes&quot;:[]},&quot;gap_mobile&quot;:{&quot;unit&quot;:&quot;px&quot;,&quot;size&quot;:10,&quot;sizes&quot;:[]},&quot;link_to&quot;:&quot;file&quot;,&quot;aspect_ratio&quot;:&quot;3:2&quot;,&quot;overlay_background&quot;:&quot;yes&quot;,&quot;content_hover_animation&quot;:&quot;fade-in&quot;}\" data-widget_type=\"gallery.default\">\n\t\t\t\t<div class=\"elementor-widget-container\">\n\t\t\t\t\t\t\t<div class=\"elementor-gallery__container\">\n\t\t\t\t\t\t\t<a class=\"e-gallery-item elementor-gallery-item elementor-animated-content\" href=\"https:\/\/vorosgeneral.hu\/wp-content\/uploads\/2025\/01\/9d8b1879-5b0a-41b0-8e2a-bba121b6fd74.jpg\" data-elementor-open-lightbox=\"yes\" data-elementor-lightbox-slideshow=\"b4177bd\" data-elementor-lightbox-title=\"9d8b1879-5b0a-41b0-8e2a-bba121b6fd74\" data-e-action-hash=\"#elementor-action%3Aaction%3Dlightbox%26settings%3DeyJpZCI6NDI2LCJ1cmwiOiJodHRwczpcL1wvdm9yb3NnZW5lcmFsLmh1XC93cC1jb250ZW50XC91cGxvYWRzXC8yMDI1XC8wMVwvOWQ4YjE4NzktNWIwYS00MWIwLThlMmEtYmJhMTIxYjZmZDc0LmpwZyIsInNsaWRlc2hvdyI6ImI0MTc3YmQifQ%3D%3D\">\n\t\t\t\t\t<div class=\"e-gallery-image elementor-gallery-item__image\" data-thumbnail=\"https:\/\/vorosgeneral.hu\/wp-content\/uploads\/2025\/01\/9d8b1879-5b0a-41b0-8e2a-bba121b6fd74-225x300.jpg\" data-width=\"225\" data-height=\"300\" aria-label=\"\" role=\"img\" ><\/div>\n\t\t\t\t\t\t\t\t\t\t\t<div class=\"elementor-gallery-item__overlay\"><\/div>\n\t\t\t\t\t\t\t\t\t\t\t\t\t\t<\/a>\n\t\t\t\t\t\t\t<a class=\"e-gallery-item elementor-gallery-item elementor-animated-content\" href=\"https:\/\/vorosgeneral.hu\/wp-content\/uploads\/2025\/01\/c6be0628-2886-434f-95ec-70b065117420.jpg\" data-elementor-open-lightbox=\"yes\" data-elementor-lightbox-slideshow=\"b4177bd\" data-elementor-lightbox-title=\"c6be0628-2886-434f-95ec-70b065117420\" data-e-action-hash=\"#elementor-action%3Aaction%3Dlightbox%26settings%3DeyJpZCI6NDI3LCJ1cmwiOiJodHRwczpcL1wvdm9yb3NnZW5lcmFsLmh1XC93cC1jb250ZW50XC91cGxvYWRzXC8yMDI1XC8wMVwvYzZiZTA2MjgtMjg4Ni00MzRmLTk1ZWMtNzBiMDY1MTE3NDIwLmpwZyIsInNsaWRlc2hvdyI6ImI0MTc3YmQifQ%3D%3D\">\n\t\t\t\t\t<div class=\"e-gallery-image elementor-gallery-item__image\" data-thumbnail=\"https:\/\/vorosgeneral.hu\/wp-content\/uploads\/2025\/01\/c6be0628-2886-434f-95ec-70b065117420-225x300.jpg\" data-width=\"225\" data-height=\"300\" aria-label=\"\" role=\"img\" ><\/div>\n\t\t\t\t\t\t\t\t\t\t\t<div class=\"elementor-gallery-item__overlay\"><\/div>\n\t\t\t\t\t\t\t\t\t\t\t\t\t\t<\/a>\n\t\t\t\t\t\t\t<a class=\"e-gallery-item elementor-gallery-item elementor-animated-content\" href=\"https:\/\/vorosgeneral.hu\/wp-content\/uploads\/2025\/01\/8999f243-a96c-42ca-b9f0-9f27861cc7b8.jpg\" data-elementor-open-lightbox=\"yes\" data-elementor-lightbox-slideshow=\"b4177bd\" data-elementor-lightbox-title=\"8999f243-a96c-42ca-b9f0-9f27861cc7b8\" data-e-action-hash=\"#elementor-action%3Aaction%3Dlightbox%26settings%3DeyJpZCI6NDI4LCJ1cmwiOiJodHRwczpcL1wvdm9yb3NnZW5lcmFsLmh1XC93cC1jb250ZW50XC91cGxvYWRzXC8yMDI1XC8wMVwvODk5OWYyNDMtYTk2Yy00MmNhLWI5ZjAtOWYyNzg2MWNjN2I4LmpwZyIsInNsaWRlc2hvdyI6ImI0MTc3YmQifQ%3D%3D\">\n\t\t\t\t\t<div class=\"e-gallery-image elementor-gallery-item__image\" data-thumbnail=\"https:\/\/vorosgeneral.hu\/wp-content\/uploads\/2025\/01\/8999f243-a96c-42ca-b9f0-9f27861cc7b8-225x300.jpg\" data-width=\"225\" data-height=\"300\" aria-label=\"\" role=\"img\" ><\/div>\n\t\t\t\t\t\t\t\t\t\t\t<div class=\"elementor-gallery-item__overlay\"><\/div>\n\t\t\t\t\t\t\t\t\t\t\t\t\t\t<\/a>\n\t\t\t\t\t\t\t<a class=\"e-gallery-item elementor-gallery-item elementor-animated-content\" href=\"https:\/\/vorosgeneral.hu\/wp-content\/uploads\/2025\/01\/135b98c1-9288-4607-9637-a54fe269de13.jpg\" data-elementor-open-lightbox=\"yes\" data-elementor-lightbox-slideshow=\"b4177bd\" data-elementor-lightbox-title=\"135b98c1-9288-4607-9637-a54fe269de13\" data-e-action-hash=\"#elementor-action%3Aaction%3Dlightbox%26settings%3DeyJpZCI6NDI5LCJ1cmwiOiJodHRwczpcL1wvdm9yb3NnZW5lcmFsLmh1XC93cC1jb250ZW50XC91cGxvYWRzXC8yMDI1XC8wMVwvMTM1Yjk4YzEtOTI4OC00NjA3LTk2MzctYTU0ZmUyNjlkZTEzLmpwZyIsInNsaWRlc2hvdyI6ImI0MTc3YmQifQ%3D%3D\">\n\t\t\t\t\t<div class=\"e-gallery-image elementor-gallery-item__image\" data-thumbnail=\"https:\/\/vorosgeneral.hu\/wp-content\/uploads\/2025\/01\/135b98c1-9288-4607-9637-a54fe269de13-225x300.jpg\" data-width=\"225\" data-height=\"300\" aria-label=\"\" role=\"img\" ><\/div>\n\t\t\t\t\t\t\t\t\t\t\t<div class=\"elementor-gallery-item__overlay\"><\/div>\n\t\t\t\t\t\t\t\t\t\t\t\t\t\t<\/a>\n\t\t\t\t\t\t\t<a class=\"e-gallery-item elementor-gallery-item elementor-animated-content\" href=\"https:\/\/vorosgeneral.hu\/wp-content\/uploads\/2025\/01\/IMG_6176.jpeg\" data-elementor-open-lightbox=\"yes\" data-elementor-lightbox-slideshow=\"b4177bd\" data-elementor-lightbox-title=\"IMG_6176\" data-e-action-hash=\"#elementor-action%3Aaction%3Dlightbox%26settings%3DeyJpZCI6Mzc2LCJ1cmwiOiJodHRwczpcL1wvdm9yb3NnZW5lcmFsLmh1XC93cC1jb250ZW50XC91cGxvYWRzXC8yMDI1XC8wMVwvSU1HXzYxNzYuanBlZyIsInNsaWRlc2hvdyI6ImI0MTc3YmQifQ%3D%3D\">\n\t\t\t\t\t<div class=\"e-gallery-image elementor-gallery-item__image\" data-thumbnail=\"https:\/\/vorosgeneral.hu\/wp-content\/uploads\/2025\/01\/IMG_6176-300x225.jpeg\" data-width=\"300\" data-height=\"225\" aria-label=\"\" role=\"img\" ><\/div>\n\t\t\t\t\t\t\t\t\t\t\t<div class=\"elementor-gallery-item__overlay\"><\/div>\n\t\t\t\t\t\t\t\t\t\t\t\t\t\t<\/a>\n\t\t\t\t\t<\/div>\n\t\t\t\t\t<\/div>\n\t\t\t\t<\/div>\n\t\t\t\t\t<\/div>\n\t\t\t\t<\/div>\n\t\t\t\t<\/div>\n\t\t","protected":false},"excerpt":{"rendered":"<p>egy a szolg\u00e1ltat\u00e1sink k\u00f6z\u00fcl: \u00c1csmunka C\u00e9g\u00fcnk megb\u00edzhat\u00f3 \u00e9s tapasztalt csapattal v\u00e1llalja \u00e1csmunk\u00e1k teljes k\u00f6r\u0171 kivitelez\u00e9s\u00e9t, legyen sz\u00f3 \u00faj \u00e9p\u00edt\u00e9sr\u0151l, fel\u00faj\u00edt\u00e1sr\u00f3l vagy kisebb jav\u00edt\u00e1sokr\u00f3l. Garant\u00e1ljuk az ig\u00e9nyes, tart\u00f3s \u00e9s prec\u00edz munkav\u00e9gz\u00e9st.Munk\u00e1ink k\u00f6z\u00f6tt szerepel a tet\u0151szerkezetek \u00e9p\u00edt\u00e9se, jav\u00edt\u00e1sa \u00e9s karbantart\u00e1sa, faszerkezetek k\u00e9sz\u00edt\u00e9se, valamint egyedi \u00e1csmunk\u00e1k elv\u00e9gz\u00e9se \u2013 mindezt magas szakmai sz\u00ednvonalon. Aj\u00e1nlatk\u00e9r\u00e9s Referenci\u00e1k<\/p>\n","protected":false},"author":1,"featured_media":0,"parent":0,"menu_order":0,"comment_status":"closed","ping_status":"closed","template":"","meta":{"footnotes":""},"class_list":["post-369","page","type-page","status-publish"],"_links":{"self":[{"href":"https:\/\/vorosgeneral.hu\/index.php?rest_route=\/wp\/v2\/pages\/369","targetHints":{"allow":["GET"]}}],"collection":[{"href":"https:\/\/vorosgeneral.hu\/index.php?rest_route=\/wp\/v2\/pages"}],"about":[{"href":"https:\/\/vorosgeneral.hu\/index.php?rest_route=\/wp\/v2\/types\/page"}],"author":[{"embeddable":true,"href":"https:\/\/vorosgeneral.hu\/index.php?rest_route=\/wp\/v2\/users\/1"}],"replies":[{"embeddable":true,"href":"https:\/\/vorosgeneral.hu\/index.php?rest_route=%2Fwp%2Fv2%2Fcomments&post=369"}],"version-history":[{"count":13,"href":"https:\/\/vorosgeneral.hu\/index.php?rest_route=\/wp\/v2\/pages\/369\/revisions"}],"predecessor-version":[{"id":432,"href":"https:\/\/vorosgeneral.hu\/index.php?rest_route=\/wp\/v2\/pages\/369\/revisions\/432"}],"wp:attachment":[{"href":"https:\/\/vorosgeneral.hu\/index.php?rest_route=%2Fwp%2Fv2%2Fmedia&parent=369"}],"curies":[{"name":"wp","href":"https:\/\/api.w.org\/{rel}","templated":true}]}}