{"id":93,"date":"2025-01-14T11:23:30","date_gmt":"2025-01-14T10:23:30","guid":{"rendered":"https:\/\/vorosgeneral.hu\/?page_id=93"},"modified":"2025-01-15T08:01:30","modified_gmt":"2025-01-15T07:01:30","slug":"generalkivitelezes","status":"publish","type":"page","link":"https:\/\/vorosgeneral.hu\/?page_id=93","title":{"rendered":"Gener\u00e1lkivitelez\u00e9s"},"content":{"rendered":"\t\t<div data-elementor-type=\"wp-page\" data-elementor-id=\"93\" class=\"elementor elementor-93\" data-elementor-post-type=\"page\">\n\t\t\t\t<div class=\"elementor-element elementor-element-5d2ee2cc e-flex e-con-boxed e-con e-parent\" data-id=\"5d2ee2cc\" data-element_type=\"container\" data-settings=\"{&quot;background_background&quot;:&quot;classic&quot;}\">\n\t\t\t\t\t<div class=\"e-con-inner\">\n\t\t\t\t<div class=\"elementor-element elementor-element-89b527b elementor-widget__width-initial elementor-widget elementor-widget-image\" data-id=\"89b527b\" data-element_type=\"widget\" data-widget_type=\"image.default\">\n\t\t\t\t<div class=\"elementor-widget-container\">\n\t\t\t\t\t\t\t\t\t\t\t\t\t\t\t<img fetchpriority=\"high\" decoding=\"async\" width=\"200\" height=\"300\" src=\"https:\/\/vorosgeneral.hu\/wp-content\/uploads\/2025\/01\/pexels-tima-miroshnichenko-6473984-200x300.jpg\" class=\"attachment-medium size-medium wp-image-181\" alt=\"\" srcset=\"https:\/\/vorosgeneral.hu\/wp-content\/uploads\/2025\/01\/pexels-tima-miroshnichenko-6473984-200x300.jpg 200w, https:\/\/vorosgeneral.hu\/wp-content\/uploads\/2025\/01\/pexels-tima-miroshnichenko-6473984-683x1024.jpg 683w, https:\/\/vorosgeneral.hu\/wp-content\/uploads\/2025\/01\/pexels-tima-miroshnichenko-6473984-768x1152.jpg 768w, https:\/\/vorosgeneral.hu\/wp-content\/uploads\/2025\/01\/pexels-tima-miroshnichenko-6473984-1024x1536.jpg 1024w, https:\/\/vorosgeneral.hu\/wp-content\/uploads\/2025\/01\/pexels-tima-miroshnichenko-6473984-1365x2048.jpg 1365w, https:\/\/vorosgeneral.hu\/wp-content\/uploads\/2025\/01\/pexels-tima-miroshnichenko-6473984-scaled.jpg 1707w\" sizes=\"(max-width: 200px) 100vw, 200px\" \/>\t\t\t\t\t\t\t\t\t\t\t\t\t\t\t<\/div>\n\t\t\t\t<\/div>\n\t\t<div class=\"elementor-element elementor-element-4020ad79 e-con-full e-flex e-con e-child\" data-id=\"4020ad79\" data-element_type=\"container\">\n\t\t\t\t<div class=\"elementor-element elementor-element-71cace54 animated-slow elementor-invisible elementor-widget elementor-widget-heading\" data-id=\"71cace54\" data-element_type=\"widget\" data-settings=\"{&quot;_animation&quot;:&quot;slideInUp&quot;}\" data-widget_type=\"heading.default\">\n\t\t\t\t<div class=\"elementor-widget-container\">\n\t\t\t\t\t<h2 class=\"elementor-heading-title elementor-size-default\">egy a szolg\u00e1ltat\u00e1sink k\u00f6z\u00fcl:<\/h2>\t\t\t\t<\/div>\n\t\t\t\t<\/div>\n\t\t\t\t<div class=\"elementor-element elementor-element-6e090a02 animated-slow elementor-invisible elementor-widget elementor-widget-heading\" data-id=\"6e090a02\" data-element_type=\"widget\" data-settings=\"{&quot;_animation&quot;:&quot;slideInUp&quot;}\" data-widget_type=\"heading.default\">\n\t\t\t\t<div class=\"elementor-widget-container\">\n\t\t\t\t\t<h2 class=\"elementor-heading-title elementor-size-default\">Gener\u00e1lkivitelez\u00e9s<\/h2>\t\t\t\t<\/div>\n\t\t\t\t<\/div>\n\t\t\t\t<div class=\"elementor-element elementor-element-2f4677b0 elementor-widget elementor-widget-text-editor\" data-id=\"2f4677b0\" data-element_type=\"widget\" data-widget_type=\"text-editor.default\">\n\t\t\t\t<div class=\"elementor-widget-container\">\n\t\t\t\t\t\t\t\t\t<p>Komplex \u00e9p\u00edt\u0151ipari megold\u00e1sok egy k\u00e9zb\u0151l<br \/>Szak\u00e9rt\u0151 csapatunk t\u00f6bb\u00e9ves tapasztalattal ny\u00fajt teljes k\u00f6r\u0171 gener\u00e1lkivitelez\u00e9si szolg\u00e1ltat\u00e1sokat. Minden projektet az \u00d6n ig\u00e9nyeire szabva val\u00f3s\u00edtunk meg. Gondoskodunk az alaptervez\u00e9st\u0151l az \u00e1tad\u00e1sig minden r\u00e9szletr\u0151l, \u00edgy \u00d6nnek csak az elk\u00e9sz\u00fclt \u00e1lmai otthon\u00e1t vagy \u00e9p\u00fclet\u00e9t kell \u00e9lveznie. B\u00edzza r\u00e1nk a kivitelez\u00e9st, \u00e9s biztos lehet benne, hogy a min\u0151s\u00e9g \u00e9s a k\u00f6lts\u00e9gek k\u00e9zben tartottak!<\/p>\t\t\t\t\t\t\t\t<\/div>\n\t\t\t\t<\/div>\n\t\t\t\t<div class=\"elementor-element elementor-element-60c382bb elementor-align-left elementor-mobile-align-center elementor-widget elementor-widget-button\" data-id=\"60c382bb\" data-element_type=\"widget\" data-widget_type=\"button.default\">\n\t\t\t\t<div class=\"elementor-widget-container\">\n\t\t\t\t\t\t\t\t\t<div class=\"elementor-button-wrapper\">\n\t\t\t\t\t<a class=\"elementor-button elementor-button-link elementor-size-lg elementor-animation-grow\" href=\"https:\/\/vorosgeneral.hu\/?page_id=38\">\n\t\t\t\t\t\t<span class=\"elementor-button-content-wrapper\">\n\t\t\t\t\t\t\t\t\t<span class=\"elementor-button-text\">Aj\u00e1nlatk\u00e9r\u00e9s<\/span>\n\t\t\t\t\t<\/span>\n\t\t\t\t\t<\/a>\n\t\t\t\t<\/div>\n\t\t\t\t\t\t\t\t<\/div>\n\t\t\t\t<\/div>\n\t\t\t\t<\/div>\n\t\t\t\t\t<\/div>\n\t\t\t\t<\/div>\n\t\t<div class=\"elementor-element elementor-element-4b36a0d8 e-flex e-con-boxed e-con e-parent\" data-id=\"4b36a0d8\" data-element_type=\"container\">\n\t\t\t\t\t<div class=\"e-con-inner\">\n\t\t\t\t<div class=\"elementor-element elementor-element-7ec37859 elementor-widget elementor-widget-heading\" data-id=\"7ec37859\" data-element_type=\"widget\" data-widget_type=\"heading.default\">\n\t\t\t\t<div class=\"elementor-widget-container\">\n\t\t\t\t\t<h2 class=\"elementor-heading-title elementor-size-default\">Referenci\u00e1k<\/h2>\t\t\t\t<\/div>\n\t\t\t\t<\/div>\n\t\t\t\t\t<\/div>\n\t\t\t\t<\/div>\n\t\t<div class=\"elementor-element elementor-element-bddbf6a e-flex e-con-boxed e-con e-parent\" data-id=\"bddbf6a\" data-element_type=\"container\">\n\t\t\t\t\t<div class=\"e-con-inner\">\n\t\t\t\t<div class=\"elementor-element elementor-element-01947d6 elementor-widget elementor-widget-gallery\" data-id=\"01947d6\" data-element_type=\"widget\" data-settings=\"{&quot;lazyload&quot;:&quot;yes&quot;,&quot;gallery_layout&quot;:&quot;grid&quot;,&quot;columns&quot;:4,&quot;columns_tablet&quot;:2,&quot;columns_mobile&quot;:1,&quot;gap&quot;:{&quot;unit&quot;:&quot;px&quot;,&quot;size&quot;:10,&quot;sizes&quot;:[]},&quot;gap_tablet&quot;:{&quot;unit&quot;:&quot;px&quot;,&quot;size&quot;:10,&quot;sizes&quot;:[]},&quot;gap_mobile&quot;:{&quot;unit&quot;:&quot;px&quot;,&quot;size&quot;:10,&quot;sizes&quot;:[]},&quot;link_to&quot;:&quot;file&quot;,&quot;aspect_ratio&quot;:&quot;3:2&quot;,&quot;overlay_background&quot;:&quot;yes&quot;,&quot;content_hover_animation&quot;:&quot;fade-in&quot;}\" data-widget_type=\"gallery.default\">\n\t\t\t\t<div class=\"elementor-widget-container\">\n\t\t\t\t\t\t\t<div class=\"elementor-gallery__container\">\n\t\t\t\t\t\t\t<a class=\"e-gallery-item elementor-gallery-item elementor-animated-content\" href=\"https:\/\/vorosgeneral.hu\/wp-content\/uploads\/2025\/01\/IMG_6050.jpeg\" data-elementor-open-lightbox=\"yes\" data-elementor-lightbox-slideshow=\"01947d6\" data-elementor-lightbox-title=\"IMG_6050\" data-e-action-hash=\"#elementor-action%3Aaction%3Dlightbox%26settings%3DeyJpZCI6MjI4LCJ1cmwiOiJodHRwczpcL1wvdm9yb3NnZW5lcmFsLmh1XC93cC1jb250ZW50XC91cGxvYWRzXC8yMDI1XC8wMVwvSU1HXzYwNTAuanBlZyIsInNsaWRlc2hvdyI6IjAxOTQ3ZDYifQ%3D%3D\">\n\t\t\t\t\t<div class=\"e-gallery-image elementor-gallery-item__image\" data-thumbnail=\"https:\/\/vorosgeneral.hu\/wp-content\/uploads\/2025\/01\/IMG_6050-225x300.jpeg\" data-width=\"225\" data-height=\"300\" aria-label=\"\" role=\"img\" ><\/div>\n\t\t\t\t\t\t\t\t\t\t\t<div class=\"elementor-gallery-item__overlay\"><\/div>\n\t\t\t\t\t\t\t\t\t\t\t\t\t\t<\/a>\n\t\t\t\t\t\t\t<a class=\"e-gallery-item elementor-gallery-item elementor-animated-content\" href=\"https:\/\/vorosgeneral.hu\/wp-content\/uploads\/2025\/01\/IMG_6943-1.jpeg\" data-elementor-open-lightbox=\"yes\" data-elementor-lightbox-slideshow=\"01947d6\" data-elementor-lightbox-title=\"IMG_6943-1\" data-e-action-hash=\"#elementor-action%3Aaction%3Dlightbox%26settings%3DeyJpZCI6MjMwLCJ1cmwiOiJodHRwczpcL1wvdm9yb3NnZW5lcmFsLmh1XC93cC1jb250ZW50XC91cGxvYWRzXC8yMDI1XC8wMVwvSU1HXzY5NDMtMS5qcGVnIiwic2xpZGVzaG93IjoiMDE5NDdkNiJ9\">\n\t\t\t\t\t<div class=\"e-gallery-image elementor-gallery-item__image\" data-thumbnail=\"https:\/\/vorosgeneral.hu\/wp-content\/uploads\/2025\/01\/IMG_6943-1-225x300.jpeg\" data-width=\"225\" data-height=\"300\" aria-label=\"\" role=\"img\" ><\/div>\n\t\t\t\t\t\t\t\t\t\t\t<div class=\"elementor-gallery-item__overlay\"><\/div>\n\t\t\t\t\t\t\t\t\t\t\t\t\t\t<\/a>\n\t\t\t\t\t\t\t<a class=\"e-gallery-item elementor-gallery-item elementor-animated-content\" href=\"https:\/\/vorosgeneral.hu\/wp-content\/uploads\/2025\/01\/IMG_6677.jpeg\" data-elementor-open-lightbox=\"yes\" data-elementor-lightbox-slideshow=\"01947d6\" data-elementor-lightbox-title=\"IMG_6677\" data-e-action-hash=\"#elementor-action%3Aaction%3Dlightbox%26settings%3DeyJpZCI6MjMzLCJ1cmwiOiJodHRwczpcL1wvdm9yb3NnZW5lcmFsLmh1XC93cC1jb250ZW50XC91cGxvYWRzXC8yMDI1XC8wMVwvSU1HXzY2NzcuanBlZyIsInNsaWRlc2hvdyI6IjAxOTQ3ZDYifQ%3D%3D\">\n\t\t\t\t\t<div class=\"e-gallery-image elementor-gallery-item__image\" data-thumbnail=\"https:\/\/vorosgeneral.hu\/wp-content\/uploads\/2025\/01\/IMG_6677-300x225.jpeg\" data-width=\"300\" data-height=\"225\" aria-label=\"\" role=\"img\" ><\/div>\n\t\t\t\t\t\t\t\t\t\t\t<div class=\"elementor-gallery-item__overlay\"><\/div>\n\t\t\t\t\t\t\t\t\t\t\t\t\t\t<\/a>\n\t\t\t\t\t\t\t<a class=\"e-gallery-item elementor-gallery-item elementor-animated-content\" href=\"https:\/\/vorosgeneral.hu\/wp-content\/uploads\/2025\/01\/IMG_6954.jpeg\" data-elementor-open-lightbox=\"yes\" data-elementor-lightbox-slideshow=\"01947d6\" data-elementor-lightbox-title=\"IMG_6954\" data-e-action-hash=\"#elementor-action%3Aaction%3Dlightbox%26settings%3DeyJpZCI6MjM1LCJ1cmwiOiJodHRwczpcL1wvdm9yb3NnZW5lcmFsLmh1XC93cC1jb250ZW50XC91cGxvYWRzXC8yMDI1XC8wMVwvSU1HXzY5NTQuanBlZyIsInNsaWRlc2hvdyI6IjAxOTQ3ZDYifQ%3D%3D\">\n\t\t\t\t\t<div class=\"e-gallery-image elementor-gallery-item__image\" data-thumbnail=\"https:\/\/vorosgeneral.hu\/wp-content\/uploads\/2025\/01\/IMG_6954-300x225.jpeg\" data-width=\"300\" data-height=\"225\" aria-label=\"\" role=\"img\" ><\/div>\n\t\t\t\t\t\t\t\t\t\t\t<div class=\"elementor-gallery-item__overlay\"><\/div>\n\t\t\t\t\t\t\t\t\t\t\t\t\t\t<\/a>\n\t\t\t\t\t\t\t<a class=\"e-gallery-item elementor-gallery-item elementor-animated-content\" href=\"https:\/\/vorosgeneral.hu\/wp-content\/uploads\/2025\/01\/IMG_6956-e1736923765423.jpeg\" data-elementor-open-lightbox=\"yes\" data-elementor-lightbox-slideshow=\"01947d6\" data-elementor-lightbox-title=\"IMG_6956\" data-e-action-hash=\"#elementor-action%3Aaction%3Dlightbox%26settings%3DeyJpZCI6MjM2LCJ1cmwiOiJodHRwczpcL1wvdm9yb3NnZW5lcmFsLmh1XC93cC1jb250ZW50XC91cGxvYWRzXC8yMDI1XC8wMVwvSU1HXzY5NTYtZTE3MzY5MjM3NjU0MjMuanBlZyIsInNsaWRlc2hvdyI6IjAxOTQ3ZDYifQ%3D%3D\">\n\t\t\t\t\t<div class=\"e-gallery-image elementor-gallery-item__image\" data-thumbnail=\"https:\/\/vorosgeneral.hu\/wp-content\/uploads\/2025\/01\/IMG_6956-e1736923765423-300x169.jpeg\" data-width=\"300\" data-height=\"169\" aria-label=\"\" role=\"img\" ><\/div>\n\t\t\t\t\t\t\t\t\t\t\t<div class=\"elementor-gallery-item__overlay\"><\/div>\n\t\t\t\t\t\t\t\t\t\t\t\t\t\t<\/a>\n\t\t\t\t\t\t\t<a class=\"e-gallery-item elementor-gallery-item elementor-animated-content\" href=\"https:\/\/vorosgeneral.hu\/wp-content\/uploads\/2025\/01\/IMG_6959.jpeg\" data-elementor-open-lightbox=\"yes\" data-elementor-lightbox-slideshow=\"01947d6\" data-elementor-lightbox-title=\"IMG_6959\" data-e-action-hash=\"#elementor-action%3Aaction%3Dlightbox%26settings%3DeyJpZCI6MjM3LCJ1cmwiOiJodHRwczpcL1wvdm9yb3NnZW5lcmFsLmh1XC93cC1jb250ZW50XC91cGxvYWRzXC8yMDI1XC8wMVwvSU1HXzY5NTkuanBlZyIsInNsaWRlc2hvdyI6IjAxOTQ3ZDYifQ%3D%3D\">\n\t\t\t\t\t<div class=\"e-gallery-image elementor-gallery-item__image\" data-thumbnail=\"https:\/\/vorosgeneral.hu\/wp-content\/uploads\/2025\/01\/IMG_6959-300x225.jpeg\" data-width=\"300\" data-height=\"225\" aria-label=\"\" role=\"img\" ><\/div>\n\t\t\t\t\t\t\t\t\t\t\t<div class=\"elementor-gallery-item__overlay\"><\/div>\n\t\t\t\t\t\t\t\t\t\t\t\t\t\t<\/a>\n\t\t\t\t\t\t\t<a class=\"e-gallery-item elementor-gallery-item elementor-animated-content\" href=\"https:\/\/vorosgeneral.hu\/wp-content\/uploads\/2025\/01\/IMG_1356.jpeg\" data-elementor-open-lightbox=\"yes\" data-elementor-lightbox-slideshow=\"01947d6\" data-elementor-lightbox-title=\"IMG_1356\" data-e-action-hash=\"#elementor-action%3Aaction%3Dlightbox%26settings%3DeyJpZCI6MzAwLCJ1cmwiOiJodHRwczpcL1wvdm9yb3NnZW5lcmFsLmh1XC93cC1jb250ZW50XC91cGxvYWRzXC8yMDI1XC8wMVwvSU1HXzEzNTYuanBlZyIsInNsaWRlc2hvdyI6IjAxOTQ3ZDYifQ%3D%3D\">\n\t\t\t\t\t<div class=\"e-gallery-image elementor-gallery-item__image\" data-thumbnail=\"https:\/\/vorosgeneral.hu\/wp-content\/uploads\/2025\/01\/IMG_1356-225x300.jpeg\" data-width=\"225\" data-height=\"300\" aria-label=\"\" role=\"img\" ><\/div>\n\t\t\t\t\t\t\t\t\t\t\t<div class=\"elementor-gallery-item__overlay\"><\/div>\n\t\t\t\t\t\t\t\t\t\t\t\t\t\t<\/a>\n\t\t\t\t\t\t\t<a class=\"e-gallery-item elementor-gallery-item elementor-animated-content\" href=\"https:\/\/vorosgeneral.hu\/wp-content\/uploads\/2025\/01\/IMG_1230.jpeg\" data-elementor-open-lightbox=\"yes\" data-elementor-lightbox-slideshow=\"01947d6\" data-elementor-lightbox-title=\"IMG_1230\" data-e-action-hash=\"#elementor-action%3Aaction%3Dlightbox%26settings%3DeyJpZCI6Mjk5LCJ1cmwiOiJodHRwczpcL1wvdm9yb3NnZW5lcmFsLmh1XC93cC1jb250ZW50XC91cGxvYWRzXC8yMDI1XC8wMVwvSU1HXzEyMzAuanBlZyIsInNsaWRlc2hvdyI6IjAxOTQ3ZDYifQ%3D%3D\">\n\t\t\t\t\t<div class=\"e-gallery-image elementor-gallery-item__image\" data-thumbnail=\"https:\/\/vorosgeneral.hu\/wp-content\/uploads\/2025\/01\/IMG_1230-225x300.jpeg\" data-width=\"225\" data-height=\"300\" aria-label=\"\" role=\"img\" ><\/div>\n\t\t\t\t\t\t\t\t\t\t\t<div class=\"elementor-gallery-item__overlay\"><\/div>\n\t\t\t\t\t\t\t\t\t\t\t\t\t\t<\/a>\n\t\t\t\t\t\t\t<a class=\"e-gallery-item elementor-gallery-item elementor-animated-content\" href=\"https:\/\/vorosgeneral.hu\/wp-content\/uploads\/2025\/01\/IMG_1197.jpeg\" data-elementor-open-lightbox=\"yes\" data-elementor-lightbox-slideshow=\"01947d6\" data-elementor-lightbox-title=\"IMG_1197\" data-e-action-hash=\"#elementor-action%3Aaction%3Dlightbox%26settings%3DeyJpZCI6Mjk3LCJ1cmwiOiJodHRwczpcL1wvdm9yb3NnZW5lcmFsLmh1XC93cC1jb250ZW50XC91cGxvYWRzXC8yMDI1XC8wMVwvSU1HXzExOTcuanBlZyIsInNsaWRlc2hvdyI6IjAxOTQ3ZDYifQ%3D%3D\">\n\t\t\t\t\t<div class=\"e-gallery-image elementor-gallery-item__image\" data-thumbnail=\"https:\/\/vorosgeneral.hu\/wp-content\/uploads\/2025\/01\/IMG_1197-225x300.jpeg\" data-width=\"225\" data-height=\"300\" aria-label=\"\" role=\"img\" ><\/div>\n\t\t\t\t\t\t\t\t\t\t\t<div class=\"elementor-gallery-item__overlay\"><\/div>\n\t\t\t\t\t\t\t\t\t\t\t\t\t\t<\/a>\n\t\t\t\t\t\t\t<a class=\"e-gallery-item elementor-gallery-item elementor-animated-content\" href=\"https:\/\/vorosgeneral.hu\/wp-content\/uploads\/2025\/01\/IMG_0825.jpeg\" data-elementor-open-lightbox=\"yes\" data-elementor-lightbox-slideshow=\"01947d6\" data-elementor-lightbox-title=\"IMG_0825\" data-e-action-hash=\"#elementor-action%3Aaction%3Dlightbox%26settings%3DeyJpZCI6Mjk1LCJ1cmwiOiJodHRwczpcL1wvdm9yb3NnZW5lcmFsLmh1XC93cC1jb250ZW50XC91cGxvYWRzXC8yMDI1XC8wMVwvSU1HXzA4MjUuanBlZyIsInNsaWRlc2hvdyI6IjAxOTQ3ZDYifQ%3D%3D\">\n\t\t\t\t\t<div class=\"e-gallery-image elementor-gallery-item__image\" data-thumbnail=\"https:\/\/vorosgeneral.hu\/wp-content\/uploads\/2025\/01\/IMG_0825-225x300.jpeg\" data-width=\"225\" data-height=\"300\" aria-label=\"\" role=\"img\" ><\/div>\n\t\t\t\t\t\t\t\t\t\t\t<div class=\"elementor-gallery-item__overlay\"><\/div>\n\t\t\t\t\t\t\t\t\t\t\t\t\t\t<\/a>\n\t\t\t\t\t\t\t<a class=\"e-gallery-item elementor-gallery-item elementor-animated-content\" href=\"https:\/\/vorosgeneral.hu\/wp-content\/uploads\/2025\/01\/IMG_0744.jpeg\" data-elementor-open-lightbox=\"yes\" data-elementor-lightbox-slideshow=\"01947d6\" data-elementor-lightbox-title=\"IMG_0744\" data-e-action-hash=\"#elementor-action%3Aaction%3Dlightbox%26settings%3DeyJpZCI6Mjg5LCJ1cmwiOiJodHRwczpcL1wvdm9yb3NnZW5lcmFsLmh1XC93cC1jb250ZW50XC91cGxvYWRzXC8yMDI1XC8wMVwvSU1HXzA3NDQuanBlZyIsInNsaWRlc2hvdyI6IjAxOTQ3ZDYifQ%3D%3D\">\n\t\t\t\t\t<div class=\"e-gallery-image elementor-gallery-item__image\" data-thumbnail=\"https:\/\/vorosgeneral.hu\/wp-content\/uploads\/2025\/01\/IMG_0744-225x300.jpeg\" data-width=\"225\" data-height=\"300\" aria-label=\"\" role=\"img\" ><\/div>\n\t\t\t\t\t\t\t\t\t\t\t<div class=\"elementor-gallery-item__overlay\"><\/div>\n\t\t\t\t\t\t\t\t\t\t\t\t\t\t<\/a>\n\t\t\t\t\t\t\t<a class=\"e-gallery-item elementor-gallery-item elementor-animated-content\" href=\"https:\/\/vorosgeneral.hu\/wp-content\/uploads\/2025\/01\/IMG_0756.jpeg\" data-elementor-open-lightbox=\"yes\" data-elementor-lightbox-slideshow=\"01947d6\" data-elementor-lightbox-title=\"IMG_0756\" data-e-action-hash=\"#elementor-action%3Aaction%3Dlightbox%26settings%3DeyJpZCI6MjkwLCJ1cmwiOiJodHRwczpcL1wvdm9yb3NnZW5lcmFsLmh1XC93cC1jb250ZW50XC91cGxvYWRzXC8yMDI1XC8wMVwvSU1HXzA3NTYuanBlZyIsInNsaWRlc2hvdyI6IjAxOTQ3ZDYifQ%3D%3D\">\n\t\t\t\t\t<div class=\"e-gallery-image elementor-gallery-item__image\" data-thumbnail=\"https:\/\/vorosgeneral.hu\/wp-content\/uploads\/2025\/01\/IMG_0756-225x300.jpeg\" data-width=\"225\" data-height=\"300\" aria-label=\"\" role=\"img\" ><\/div>\n\t\t\t\t\t\t\t\t\t\t\t<div class=\"elementor-gallery-item__overlay\"><\/div>\n\t\t\t\t\t\t\t\t\t\t\t\t\t\t<\/a>\n\t\t\t\t\t\t\t<a class=\"e-gallery-item elementor-gallery-item elementor-animated-content\" href=\"https:\/\/vorosgeneral.hu\/wp-content\/uploads\/2025\/01\/IMG_0765.jpeg\" data-elementor-open-lightbox=\"yes\" data-elementor-lightbox-slideshow=\"01947d6\" data-elementor-lightbox-title=\"IMG_0765\" data-e-action-hash=\"#elementor-action%3Aaction%3Dlightbox%26settings%3DeyJpZCI6MjkyLCJ1cmwiOiJodHRwczpcL1wvdm9yb3NnZW5lcmFsLmh1XC93cC1jb250ZW50XC91cGxvYWRzXC8yMDI1XC8wMVwvSU1HXzA3NjUuanBlZyIsInNsaWRlc2hvdyI6IjAxOTQ3ZDYifQ%3D%3D\">\n\t\t\t\t\t<div class=\"e-gallery-image elementor-gallery-item__image\" data-thumbnail=\"https:\/\/vorosgeneral.hu\/wp-content\/uploads\/2025\/01\/IMG_0765-225x300.jpeg\" data-width=\"225\" data-height=\"300\" aria-label=\"\" role=\"img\" ><\/div>\n\t\t\t\t\t\t\t\t\t\t\t<div class=\"elementor-gallery-item__overlay\"><\/div>\n\t\t\t\t\t\t\t\t\t\t\t\t\t\t<\/a>\n\t\t\t\t\t\t\t<a class=\"e-gallery-item elementor-gallery-item elementor-animated-content\" href=\"https:\/\/vorosgeneral.hu\/wp-content\/uploads\/2025\/01\/IMG_2177.jpeg\" data-elementor-open-lightbox=\"yes\" data-elementor-lightbox-slideshow=\"01947d6\" data-elementor-lightbox-title=\"IMG_2177\" data-e-action-hash=\"#elementor-action%3Aaction%3Dlightbox%26settings%3DeyJpZCI6MjgwLCJ1cmwiOiJodHRwczpcL1wvdm9yb3NnZW5lcmFsLmh1XC93cC1jb250ZW50XC91cGxvYWRzXC8yMDI1XC8wMVwvSU1HXzIxNzcuanBlZyIsInNsaWRlc2hvdyI6IjAxOTQ3ZDYifQ%3D%3D\">\n\t\t\t\t\t<div class=\"e-gallery-image elementor-gallery-item__image\" data-thumbnail=\"https:\/\/vorosgeneral.hu\/wp-content\/uploads\/2025\/01\/IMG_2177-225x300.jpeg\" data-width=\"225\" data-height=\"300\" aria-label=\"\" role=\"img\" ><\/div>\n\t\t\t\t\t\t\t\t\t\t\t<div class=\"elementor-gallery-item__overlay\"><\/div>\n\t\t\t\t\t\t\t\t\t\t\t\t\t\t<\/a>\n\t\t\t\t\t<\/div>\n\t\t\t\t\t<\/div>\n\t\t\t\t<\/div>\n\t\t\t\t\t<\/div>\n\t\t\t\t<\/div>\n\t\t\t\t<\/div>\n\t\t","protected":false},"excerpt":{"rendered":"<p>egy a szolg\u00e1ltat\u00e1sink k\u00f6z\u00fcl: Gener\u00e1lkivitelez\u00e9s Komplex \u00e9p\u00edt\u0151ipari megold\u00e1sok egy k\u00e9zb\u0151lSzak\u00e9rt\u0151 csapatunk t\u00f6bb\u00e9ves tapasztalattal ny\u00fajt teljes k\u00f6r\u0171 gener\u00e1lkivitelez\u00e9si szolg\u00e1ltat\u00e1sokat. Minden projektet az \u00d6n ig\u00e9nyeire szabva val\u00f3s\u00edtunk meg. Gondoskodunk az alaptervez\u00e9st\u0151l az \u00e1tad\u00e1sig minden r\u00e9szletr\u0151l, \u00edgy \u00d6nnek csak az elk\u00e9sz\u00fclt \u00e1lmai otthon\u00e1t vagy \u00e9p\u00fclet\u00e9t kell \u00e9lveznie. B\u00edzza r\u00e1nk a kivitelez\u00e9st, \u00e9s biztos lehet benne, hogy a min\u0151s\u00e9g &#8230; <a title=\"Gener\u00e1lkivitelez\u00e9s\" class=\"read-more\" href=\"https:\/\/vorosgeneral.hu\/?page_id=93\" aria-label=\"Read more about Gener\u00e1lkivitelez\u00e9s\">Olvass tov\u00e1bb<\/a><\/p>\n","protected":false},"author":1,"featured_media":0,"parent":0,"menu_order":0,"comment_status":"closed","ping_status":"closed","template":"","meta":{"footnotes":""},"class_list":["post-93","page","type-page","status-publish"],"_links":{"self":[{"href":"https:\/\/vorosgeneral.hu\/index.php?rest_route=\/wp\/v2\/pages\/93","targetHints":{"allow":["GET"]}}],"collection":[{"href":"https:\/\/vorosgeneral.hu\/index.php?rest_route=\/wp\/v2\/pages"}],"about":[{"href":"https:\/\/vorosgeneral.hu\/index.php?rest_route=\/wp\/v2\/types\/page"}],"author":[{"embeddable":true,"href":"https:\/\/vorosgeneral.hu\/index.php?rest_route=\/wp\/v2\/users\/1"}],"replies":[{"embeddable":true,"href":"https:\/\/vorosgeneral.hu\/index.php?rest_route=%2Fwp%2Fv2%2Fcomments&post=93"}],"version-history":[{"count":16,"href":"https:\/\/vorosgeneral.hu\/index.php?rest_route=\/wp\/v2\/pages\/93\/revisions"}],"predecessor-version":[{"id":346,"href":"https:\/\/vorosgeneral.hu\/index.php?rest_route=\/wp\/v2\/pages\/93\/revisions\/346"}],"wp:attachment":[{"href":"https:\/\/vorosgeneral.hu\/index.php?rest_route=%2Fwp%2Fv2%2Fmedia&parent=93"}],"curies":[{"name":"wp","href":"https:\/\/api.w.org\/{rel}","templated":true}]}}