{"id":97,"date":"2025-01-14T11:23:56","date_gmt":"2025-01-14T10:23:56","guid":{"rendered":"https:\/\/vorosgeneral.hu\/?page_id=97"},"modified":"2025-01-16T12:28:07","modified_gmt":"2025-01-16T11:28:07","slug":"komuvesmunka","status":"publish","type":"page","link":"https:\/\/vorosgeneral.hu\/?page_id=97","title":{"rendered":"K\u0151m\u0171vesmunka"},"content":{"rendered":"\t\t<div data-elementor-type=\"wp-page\" data-elementor-id=\"97\" class=\"elementor elementor-97\" data-elementor-post-type=\"page\">\n\t\t\t\t<div class=\"elementor-element elementor-element-207f2a80 e-flex e-con-boxed e-con e-parent\" data-id=\"207f2a80\" data-element_type=\"container\" data-settings=\"{&quot;background_background&quot;:&quot;classic&quot;}\">\n\t\t\t\t\t<div class=\"e-con-inner\">\n\t\t\t\t<div class=\"elementor-element elementor-element-46a67ac3 elementor-widget__width-initial elementor-widget elementor-widget-image\" data-id=\"46a67ac3\" data-element_type=\"widget\" data-widget_type=\"image.default\">\n\t\t\t\t<div class=\"elementor-widget-container\">\n\t\t\t\t\t\t\t\t\t\t\t\t\t\t\t<img decoding=\"async\" src=\"http:\/\/vorosgeneral.hu\/wp-content\/uploads\/2025\/01\/b73e8b73-ce6a-4dbc-ad31-9bfb4fb68d92.jpg\" title=\"\" alt=\"\" loading=\"lazy\" \/>\t\t\t\t\t\t\t\t\t\t\t\t\t\t\t<\/div>\n\t\t\t\t<\/div>\n\t\t<div class=\"elementor-element elementor-element-2b159c1d e-con-full e-flex e-con e-child\" data-id=\"2b159c1d\" data-element_type=\"container\">\n\t\t\t\t<div class=\"elementor-element elementor-element-25c2e7fa animated-slow elementor-invisible elementor-widget elementor-widget-heading\" data-id=\"25c2e7fa\" data-element_type=\"widget\" data-settings=\"{&quot;_animation&quot;:&quot;slideInUp&quot;}\" data-widget_type=\"heading.default\">\n\t\t\t\t<div class=\"elementor-widget-container\">\n\t\t\t\t\t<h2 class=\"elementor-heading-title elementor-size-default\">egy a szolg\u00e1ltat\u00e1sink k\u00f6z\u00fcl:<\/h2>\t\t\t\t<\/div>\n\t\t\t\t<\/div>\n\t\t\t\t<div class=\"elementor-element elementor-element-2657afb4 animated-slow elementor-invisible elementor-widget elementor-widget-heading\" data-id=\"2657afb4\" data-element_type=\"widget\" data-settings=\"{&quot;_animation&quot;:&quot;slideInUp&quot;}\" data-widget_type=\"heading.default\">\n\t\t\t\t<div class=\"elementor-widget-container\">\n\t\t\t\t\t<h2 class=\"elementor-heading-title elementor-size-default\">K\u0151m\u0171vesmunka<\/h2>\t\t\t\t<\/div>\n\t\t\t\t<\/div>\n\t\t\t\t<div class=\"elementor-element elementor-element-1cf5d6da elementor-widget elementor-widget-text-editor\" data-id=\"1cf5d6da\" data-element_type=\"widget\" data-widget_type=\"text-editor.default\">\n\t\t\t\t<div class=\"elementor-widget-container\">\n\t\t\t\t\t\t\t\t\t<p>C\u00e9g\u00fcnk megb\u00edzhat\u00f3 \u00e9s tapasztalt csapattal v\u00e1llalja k\u0151m\u0171vesmunk\u00e1k teljes k\u00f6r\u0171 kivitelez\u00e9s\u00e9t, legyen sz\u00f3 \u00faj \u00e9p\u00edt\u00e9sr\u0151l, fel\u00faj\u00edt\u00e1sr\u00f3l vagy kisebb jav\u00edt\u00e1sokr\u00f3l. Garant\u00e1ljuk az ig\u00e9nyes, tart\u00f3s \u00e9s prec\u00edz munkav\u00e9gz\u00e9st.<br \/>Munk\u00e1ink k\u00f6z\u00f6tt szerepel az alapoz\u00e1s, falaz\u00e1s, vakol\u00e1s, burkol\u00e1s \u00e9s betonoz\u00e1s, valamint fel\u00faj\u00edt\u00e1si \u00e9s \u00e1talak\u00edt\u00e1si munk\u00e1k elv\u00e9gz\u00e9se \u2013 mindezt magas szakmai sz\u00ednvonalon.<\/p>\t\t\t\t\t\t\t\t<\/div>\n\t\t\t\t<\/div>\n\t\t\t\t<div class=\"elementor-element elementor-element-71baff95 elementor-align-left elementor-mobile-align-center elementor-widget elementor-widget-button\" data-id=\"71baff95\" data-element_type=\"widget\" data-widget_type=\"button.default\">\n\t\t\t\t<div class=\"elementor-widget-container\">\n\t\t\t\t\t\t\t\t\t<div class=\"elementor-button-wrapper\">\n\t\t\t\t\t<a class=\"elementor-button elementor-button-link elementor-size-lg elementor-animation-grow\" href=\"https:\/\/vorosgeneral.hu\/?page_id=38\">\n\t\t\t\t\t\t<span class=\"elementor-button-content-wrapper\">\n\t\t\t\t\t\t\t\t\t<span class=\"elementor-button-text\">Aj\u00e1nlatk\u00e9r\u00e9s<\/span>\n\t\t\t\t\t<\/span>\n\t\t\t\t\t<\/a>\n\t\t\t\t<\/div>\n\t\t\t\t\t\t\t\t<\/div>\n\t\t\t\t<\/div>\n\t\t\t\t<\/div>\n\t\t\t\t\t<\/div>\n\t\t\t\t<\/div>\n\t\t<div class=\"elementor-element elementor-element-150c823 e-flex e-con-boxed e-con e-parent\" data-id=\"150c823\" data-element_type=\"container\">\n\t\t\t\t\t<div class=\"e-con-inner\">\n\t\t\t\t<div class=\"elementor-element elementor-element-9413e46 elementor-widget elementor-widget-heading\" data-id=\"9413e46\" data-element_type=\"widget\" data-widget_type=\"heading.default\">\n\t\t\t\t<div class=\"elementor-widget-container\">\n\t\t\t\t\t<h2 class=\"elementor-heading-title elementor-size-default\">Referenci\u00e1k<\/h2>\t\t\t\t<\/div>\n\t\t\t\t<\/div>\n\t\t\t\t\t<\/div>\n\t\t\t\t<\/div>\n\t\t<div class=\"elementor-element elementor-element-f638a86 e-flex e-con-boxed e-con e-parent\" data-id=\"f638a86\" data-element_type=\"container\">\n\t\t\t\t\t<div class=\"e-con-inner\">\n\t\t\t\t<div class=\"elementor-element elementor-element-21f2d9a elementor-widget elementor-widget-gallery\" data-id=\"21f2d9a\" data-element_type=\"widget\" data-settings=\"{&quot;lazyload&quot;:&quot;yes&quot;,&quot;gallery_layout&quot;:&quot;grid&quot;,&quot;columns&quot;:4,&quot;columns_tablet&quot;:2,&quot;columns_mobile&quot;:1,&quot;gap&quot;:{&quot;unit&quot;:&quot;px&quot;,&quot;size&quot;:10,&quot;sizes&quot;:[]},&quot;gap_tablet&quot;:{&quot;unit&quot;:&quot;px&quot;,&quot;size&quot;:10,&quot;sizes&quot;:[]},&quot;gap_mobile&quot;:{&quot;unit&quot;:&quot;px&quot;,&quot;size&quot;:10,&quot;sizes&quot;:[]},&quot;link_to&quot;:&quot;file&quot;,&quot;aspect_ratio&quot;:&quot;3:2&quot;,&quot;overlay_background&quot;:&quot;yes&quot;,&quot;content_hover_animation&quot;:&quot;fade-in&quot;}\" data-widget_type=\"gallery.default\">\n\t\t\t\t<div class=\"elementor-widget-container\">\n\t\t\t\t\t\t\t<div class=\"elementor-gallery__container\">\n\t\t\t\t\t\t\t<a class=\"e-gallery-item elementor-gallery-item elementor-animated-content\" href=\"https:\/\/vorosgeneral.hu\/wp-content\/uploads\/2025\/01\/e6d6465c-f614-41d8-be02-196d952e075d.jpg\" data-elementor-open-lightbox=\"yes\" data-elementor-lightbox-slideshow=\"21f2d9a\" data-elementor-lightbox-title=\"e6d6465c-f614-41d8-be02-196d952e075d\" data-e-action-hash=\"#elementor-action%3Aaction%3Dlightbox%26settings%3DeyJpZCI6NDA4LCJ1cmwiOiJodHRwczpcL1wvdm9yb3NnZW5lcmFsLmh1XC93cC1jb250ZW50XC91cGxvYWRzXC8yMDI1XC8wMVwvZTZkNjQ2NWMtZjYxNC00MWQ4LWJlMDItMTk2ZDk1MmUwNzVkLmpwZyIsInNsaWRlc2hvdyI6IjIxZjJkOWEifQ%3D%3D\">\n\t\t\t\t\t<div class=\"e-gallery-image elementor-gallery-item__image\" data-thumbnail=\"https:\/\/vorosgeneral.hu\/wp-content\/uploads\/2025\/01\/e6d6465c-f614-41d8-be02-196d952e075d-225x300.jpg\" data-width=\"225\" data-height=\"300\" aria-label=\"\" role=\"img\" ><\/div>\n\t\t\t\t\t\t\t\t\t\t\t<div class=\"elementor-gallery-item__overlay\"><\/div>\n\t\t\t\t\t\t\t\t\t\t\t\t\t\t<\/a>\n\t\t\t\t\t\t\t<a class=\"e-gallery-item elementor-gallery-item elementor-animated-content\" href=\"https:\/\/vorosgeneral.hu\/wp-content\/uploads\/2025\/01\/5a1429a7-581a-4252-8e06-2ca39d1592dc.jpg\" data-elementor-open-lightbox=\"yes\" data-elementor-lightbox-slideshow=\"21f2d9a\" data-elementor-lightbox-title=\"5a1429a7-581a-4252-8e06-2ca39d1592dc\" data-e-action-hash=\"#elementor-action%3Aaction%3Dlightbox%26settings%3DeyJpZCI6NDA5LCJ1cmwiOiJodHRwczpcL1wvdm9yb3NnZW5lcmFsLmh1XC93cC1jb250ZW50XC91cGxvYWRzXC8yMDI1XC8wMVwvNWExNDI5YTctNTgxYS00MjUyLThlMDYtMmNhMzlkMTU5MmRjLmpwZyIsInNsaWRlc2hvdyI6IjIxZjJkOWEifQ%3D%3D\">\n\t\t\t\t\t<div class=\"e-gallery-image elementor-gallery-item__image\" data-thumbnail=\"https:\/\/vorosgeneral.hu\/wp-content\/uploads\/2025\/01\/5a1429a7-581a-4252-8e06-2ca39d1592dc-225x300.jpg\" data-width=\"225\" data-height=\"300\" aria-label=\"\" role=\"img\" ><\/div>\n\t\t\t\t\t\t\t\t\t\t\t<div class=\"elementor-gallery-item__overlay\"><\/div>\n\t\t\t\t\t\t\t\t\t\t\t\t\t\t<\/a>\n\t\t\t\t\t\t\t<a class=\"e-gallery-item elementor-gallery-item elementor-animated-content\" href=\"https:\/\/vorosgeneral.hu\/wp-content\/uploads\/2025\/01\/9931b016-2076-4d64-bd1f-d5a97f7ae5d9-1.jpg\" data-elementor-open-lightbox=\"yes\" data-elementor-lightbox-slideshow=\"21f2d9a\" data-elementor-lightbox-title=\"9931b016-2076-4d64-bd1f-d5a97f7ae5d9 (1)\" data-e-action-hash=\"#elementor-action%3Aaction%3Dlightbox%26settings%3DeyJpZCI6NDExLCJ1cmwiOiJodHRwczpcL1wvdm9yb3NnZW5lcmFsLmh1XC93cC1jb250ZW50XC91cGxvYWRzXC8yMDI1XC8wMVwvOTkzMWIwMTYtMjA3Ni00ZDY0LWJkMWYtZDVhOTdmN2FlNWQ5LTEuanBnIiwic2xpZGVzaG93IjoiMjFmMmQ5YSJ9\">\n\t\t\t\t\t<div class=\"e-gallery-image elementor-gallery-item__image\" data-thumbnail=\"https:\/\/vorosgeneral.hu\/wp-content\/uploads\/2025\/01\/9931b016-2076-4d64-bd1f-d5a97f7ae5d9-1-225x300.jpg\" data-width=\"225\" data-height=\"300\" aria-label=\"\" role=\"img\" ><\/div>\n\t\t\t\t\t\t\t\t\t\t\t<div class=\"elementor-gallery-item__overlay\"><\/div>\n\t\t\t\t\t\t\t\t\t\t\t\t\t\t<\/a>\n\t\t\t\t\t\t\t<a class=\"e-gallery-item elementor-gallery-item elementor-animated-content\" href=\"https:\/\/vorosgeneral.hu\/wp-content\/uploads\/2025\/01\/0a4d87a0-1fa3-4cd4-99d1-4583febea195.jpg\" data-elementor-open-lightbox=\"yes\" data-elementor-lightbox-slideshow=\"21f2d9a\" data-elementor-lightbox-title=\"0a4d87a0-1fa3-4cd4-99d1-4583febea195\" data-e-action-hash=\"#elementor-action%3Aaction%3Dlightbox%26settings%3DeyJpZCI6NDEzLCJ1cmwiOiJodHRwczpcL1wvdm9yb3NnZW5lcmFsLmh1XC93cC1jb250ZW50XC91cGxvYWRzXC8yMDI1XC8wMVwvMGE0ZDg3YTAtMWZhMy00Y2Q0LTk5ZDEtNDU4M2ZlYmVhMTk1LmpwZyIsInNsaWRlc2hvdyI6IjIxZjJkOWEifQ%3D%3D\">\n\t\t\t\t\t<div class=\"e-gallery-image elementor-gallery-item__image\" data-thumbnail=\"https:\/\/vorosgeneral.hu\/wp-content\/uploads\/2025\/01\/0a4d87a0-1fa3-4cd4-99d1-4583febea195-225x300.jpg\" data-width=\"225\" data-height=\"300\" aria-label=\"\" role=\"img\" ><\/div>\n\t\t\t\t\t\t\t\t\t\t\t<div class=\"elementor-gallery-item__overlay\"><\/div>\n\t\t\t\t\t\t\t\t\t\t\t\t\t\t<\/a>\n\t\t\t\t\t\t\t<a class=\"e-gallery-item elementor-gallery-item elementor-animated-content\" href=\"https:\/\/vorosgeneral.hu\/wp-content\/uploads\/2025\/01\/8daa1326-3713-4698-9ffc-ea8aafa067c8.jpg\" data-elementor-open-lightbox=\"yes\" data-elementor-lightbox-slideshow=\"21f2d9a\" data-elementor-lightbox-title=\"8daa1326-3713-4698-9ffc-ea8aafa067c8\" data-e-action-hash=\"#elementor-action%3Aaction%3Dlightbox%26settings%3DeyJpZCI6NDM0LCJ1cmwiOiJodHRwczpcL1wvdm9yb3NnZW5lcmFsLmh1XC93cC1jb250ZW50XC91cGxvYWRzXC8yMDI1XC8wMVwvOGRhYTEzMjYtMzcxMy00Njk4LTlmZmMtZWE4YWFmYTA2N2M4LmpwZyIsInNsaWRlc2hvdyI6IjIxZjJkOWEifQ%3D%3D\">\n\t\t\t\t\t<div class=\"e-gallery-image elementor-gallery-item__image\" data-thumbnail=\"https:\/\/vorosgeneral.hu\/wp-content\/uploads\/2025\/01\/8daa1326-3713-4698-9ffc-ea8aafa067c8-225x300.jpg\" data-width=\"225\" data-height=\"300\" aria-label=\"\" role=\"img\" ><\/div>\n\t\t\t\t\t\t\t\t\t\t\t<div class=\"elementor-gallery-item__overlay\"><\/div>\n\t\t\t\t\t\t\t\t\t\t\t\t\t\t<\/a>\n\t\t\t\t\t\t\t<a class=\"e-gallery-item elementor-gallery-item elementor-animated-content\" href=\"https:\/\/vorosgeneral.hu\/wp-content\/uploads\/2025\/01\/15ab02a5-0c6c-42d7-98a8-b46cb71611b3.jpg\" data-elementor-open-lightbox=\"yes\" data-elementor-lightbox-slideshow=\"21f2d9a\" data-elementor-lightbox-title=\"15ab02a5-0c6c-42d7-98a8-b46cb71611b3\" data-e-action-hash=\"#elementor-action%3Aaction%3Dlightbox%26settings%3DeyJpZCI6NDM1LCJ1cmwiOiJodHRwczpcL1wvdm9yb3NnZW5lcmFsLmh1XC93cC1jb250ZW50XC91cGxvYWRzXC8yMDI1XC8wMVwvMTVhYjAyYTUtMGM2Yy00MmQ3LTk4YTgtYjQ2Y2I3MTYxMWIzLmpwZyIsInNsaWRlc2hvdyI6IjIxZjJkOWEifQ%3D%3D\">\n\t\t\t\t\t<div class=\"e-gallery-image elementor-gallery-item__image\" data-thumbnail=\"https:\/\/vorosgeneral.hu\/wp-content\/uploads\/2025\/01\/15ab02a5-0c6c-42d7-98a8-b46cb71611b3-225x300.jpg\" data-width=\"225\" data-height=\"300\" aria-label=\"\" role=\"img\" ><\/div>\n\t\t\t\t\t\t\t\t\t\t\t<div class=\"elementor-gallery-item__overlay\"><\/div>\n\t\t\t\t\t\t\t\t\t\t\t\t\t\t<\/a>\n\t\t\t\t\t\t\t<a class=\"e-gallery-item elementor-gallery-item elementor-animated-content\" href=\"https:\/\/vorosgeneral.hu\/wp-content\/uploads\/2025\/01\/78d2d9bf-bcf6-42f8-b353-3158f44f6a7b.jpg\" data-elementor-open-lightbox=\"yes\" data-elementor-lightbox-slideshow=\"21f2d9a\" data-elementor-lightbox-title=\"78d2d9bf-bcf6-42f8-b353-3158f44f6a7b\" data-e-action-hash=\"#elementor-action%3Aaction%3Dlightbox%26settings%3DeyJpZCI6NDM2LCJ1cmwiOiJodHRwczpcL1wvdm9yb3NnZW5lcmFsLmh1XC93cC1jb250ZW50XC91cGxvYWRzXC8yMDI1XC8wMVwvNzhkMmQ5YmYtYmNmNi00MmY4LWIzNTMtMzE1OGY0NGY2YTdiLmpwZyIsInNsaWRlc2hvdyI6IjIxZjJkOWEifQ%3D%3D\">\n\t\t\t\t\t<div class=\"e-gallery-image elementor-gallery-item__image\" data-thumbnail=\"https:\/\/vorosgeneral.hu\/wp-content\/uploads\/2025\/01\/78d2d9bf-bcf6-42f8-b353-3158f44f6a7b-225x300.jpg\" data-width=\"225\" data-height=\"300\" aria-label=\"\" role=\"img\" ><\/div>\n\t\t\t\t\t\t\t\t\t\t\t<div class=\"elementor-gallery-item__overlay\"><\/div>\n\t\t\t\t\t\t\t\t\t\t\t\t\t\t<\/a>\n\t\t\t\t\t\t\t<a class=\"e-gallery-item elementor-gallery-item elementor-animated-content\" href=\"https:\/\/vorosgeneral.hu\/wp-content\/uploads\/2025\/01\/11b7733a-1d90-4366-9e66-deecbcd8f625.jpg\" data-elementor-open-lightbox=\"yes\" data-elementor-lightbox-slideshow=\"21f2d9a\" data-elementor-lightbox-title=\"11b7733a-1d90-4366-9e66-deecbcd8f625\" data-e-action-hash=\"#elementor-action%3Aaction%3Dlightbox%26settings%3DeyJpZCI6NDM3LCJ1cmwiOiJodHRwczpcL1wvdm9yb3NnZW5lcmFsLmh1XC93cC1jb250ZW50XC91cGxvYWRzXC8yMDI1XC8wMVwvMTFiNzczM2EtMWQ5MC00MzY2LTllNjYtZGVlY2JjZDhmNjI1LmpwZyIsInNsaWRlc2hvdyI6IjIxZjJkOWEifQ%3D%3D\">\n\t\t\t\t\t<div class=\"e-gallery-image elementor-gallery-item__image\" data-thumbnail=\"https:\/\/vorosgeneral.hu\/wp-content\/uploads\/2025\/01\/11b7733a-1d90-4366-9e66-deecbcd8f625-225x300.jpg\" data-width=\"225\" data-height=\"300\" aria-label=\"\" role=\"img\" ><\/div>\n\t\t\t\t\t\t\t\t\t\t\t<div class=\"elementor-gallery-item__overlay\"><\/div>\n\t\t\t\t\t\t\t\t\t\t\t\t\t\t<\/a>\n\t\t\t\t\t\t\t<a class=\"e-gallery-item elementor-gallery-item elementor-animated-content\" href=\"https:\/\/vorosgeneral.hu\/wp-content\/uploads\/2025\/01\/4164462c-7922-4045-8bae-1793d587da05.jpg\" data-elementor-open-lightbox=\"yes\" data-elementor-lightbox-slideshow=\"21f2d9a\" data-elementor-lightbox-title=\"4164462c-7922-4045-8bae-1793d587da05\" data-e-action-hash=\"#elementor-action%3Aaction%3Dlightbox%26settings%3DeyJpZCI6NDM4LCJ1cmwiOiJodHRwczpcL1wvdm9yb3NnZW5lcmFsLmh1XC93cC1jb250ZW50XC91cGxvYWRzXC8yMDI1XC8wMVwvNDE2NDQ2MmMtNzkyMi00MDQ1LThiYWUtMTc5M2Q1ODdkYTA1LmpwZyIsInNsaWRlc2hvdyI6IjIxZjJkOWEifQ%3D%3D\">\n\t\t\t\t\t<div class=\"e-gallery-image elementor-gallery-item__image\" data-thumbnail=\"https:\/\/vorosgeneral.hu\/wp-content\/uploads\/2025\/01\/4164462c-7922-4045-8bae-1793d587da05-225x300.jpg\" data-width=\"225\" data-height=\"300\" aria-label=\"\" role=\"img\" ><\/div>\n\t\t\t\t\t\t\t\t\t\t\t<div class=\"elementor-gallery-item__overlay\"><\/div>\n\t\t\t\t\t\t\t\t\t\t\t\t\t\t<\/a>\n\t\t\t\t\t\t\t<a class=\"e-gallery-item elementor-gallery-item elementor-animated-content\" href=\"https:\/\/vorosgeneral.hu\/wp-content\/uploads\/2025\/01\/6199aea1-d276-4ca8-b7d1-0c79a02bc0b1.jpg\" data-elementor-open-lightbox=\"yes\" data-elementor-lightbox-slideshow=\"21f2d9a\" data-elementor-lightbox-title=\"6199aea1-d276-4ca8-b7d1-0c79a02bc0b1\" data-e-action-hash=\"#elementor-action%3Aaction%3Dlightbox%26settings%3DeyJpZCI6NDM5LCJ1cmwiOiJodHRwczpcL1wvdm9yb3NnZW5lcmFsLmh1XC93cC1jb250ZW50XC91cGxvYWRzXC8yMDI1XC8wMVwvNjE5OWFlYTEtZDI3Ni00Y2E4LWI3ZDEtMGM3OWEwMmJjMGIxLmpwZyIsInNsaWRlc2hvdyI6IjIxZjJkOWEifQ%3D%3D\">\n\t\t\t\t\t<div class=\"e-gallery-image elementor-gallery-item__image\" data-thumbnail=\"https:\/\/vorosgeneral.hu\/wp-content\/uploads\/2025\/01\/6199aea1-d276-4ca8-b7d1-0c79a02bc0b1-225x300.jpg\" data-width=\"225\" data-height=\"300\" aria-label=\"\" role=\"img\" ><\/div>\n\t\t\t\t\t\t\t\t\t\t\t<div class=\"elementor-gallery-item__overlay\"><\/div>\n\t\t\t\t\t\t\t\t\t\t\t\t\t\t<\/a>\n\t\t\t\t\t\t\t<a class=\"e-gallery-item elementor-gallery-item elementor-animated-content\" href=\"https:\/\/vorosgeneral.hu\/wp-content\/uploads\/2025\/01\/7a17aa45-f8a4-4e13-ac14-4f1dbe1ee845.jpg\" data-elementor-open-lightbox=\"yes\" data-elementor-lightbox-slideshow=\"21f2d9a\" data-elementor-lightbox-title=\"7a17aa45-f8a4-4e13-ac14-4f1dbe1ee845\" data-e-action-hash=\"#elementor-action%3Aaction%3Dlightbox%26settings%3DeyJpZCI6NDQwLCJ1cmwiOiJodHRwczpcL1wvdm9yb3NnZW5lcmFsLmh1XC93cC1jb250ZW50XC91cGxvYWRzXC8yMDI1XC8wMVwvN2ExN2FhNDUtZjhhNC00ZTEzLWFjMTQtNGYxZGJlMWVlODQ1LmpwZyIsInNsaWRlc2hvdyI6IjIxZjJkOWEifQ%3D%3D\">\n\t\t\t\t\t<div class=\"e-gallery-image elementor-gallery-item__image\" data-thumbnail=\"https:\/\/vorosgeneral.hu\/wp-content\/uploads\/2025\/01\/7a17aa45-f8a4-4e13-ac14-4f1dbe1ee845-225x300.jpg\" data-width=\"225\" data-height=\"300\" aria-label=\"\" role=\"img\" ><\/div>\n\t\t\t\t\t\t\t\t\t\t\t<div class=\"elementor-gallery-item__overlay\"><\/div>\n\t\t\t\t\t\t\t\t\t\t\t\t\t\t<\/a>\n\t\t\t\t\t<\/div>\n\t\t\t\t\t<\/div>\n\t\t\t\t<\/div>\n\t\t\t\t\t<\/div>\n\t\t\t\t<\/div>\n\t\t\t\t<\/div>\n\t\t","protected":false},"excerpt":{"rendered":"<p>egy a szolg\u00e1ltat\u00e1sink k\u00f6z\u00fcl: K\u0151m\u0171vesmunka C\u00e9g\u00fcnk megb\u00edzhat\u00f3 \u00e9s tapasztalt csapattal v\u00e1llalja k\u0151m\u0171vesmunk\u00e1k teljes k\u00f6r\u0171 kivitelez\u00e9s\u00e9t, legyen sz\u00f3 \u00faj \u00e9p\u00edt\u00e9sr\u0151l, fel\u00faj\u00edt\u00e1sr\u00f3l vagy kisebb jav\u00edt\u00e1sokr\u00f3l. Garant\u00e1ljuk az ig\u00e9nyes, tart\u00f3s \u00e9s prec\u00edz munkav\u00e9gz\u00e9st.Munk\u00e1ink k\u00f6z\u00f6tt szerepel az alapoz\u00e1s, falaz\u00e1s, vakol\u00e1s, burkol\u00e1s \u00e9s betonoz\u00e1s, valamint fel\u00faj\u00edt\u00e1si \u00e9s \u00e1talak\u00edt\u00e1si munk\u00e1k elv\u00e9gz\u00e9se \u2013 mindezt magas szakmai sz\u00ednvonalon. Aj\u00e1nlatk\u00e9r\u00e9s Referenci\u00e1k<\/p>\n","protected":false},"author":1,"featured_media":0,"parent":0,"menu_order":0,"comment_status":"closed","ping_status":"closed","template":"elementor_header_footer","meta":{"footnotes":""},"class_list":["post-97","page","type-page","status-publish"],"_links":{"self":[{"href":"https:\/\/vorosgeneral.hu\/index.php?rest_route=\/wp\/v2\/pages\/97","targetHints":{"allow":["GET"]}}],"collection":[{"href":"https:\/\/vorosgeneral.hu\/index.php?rest_route=\/wp\/v2\/pages"}],"about":[{"href":"https:\/\/vorosgeneral.hu\/index.php?rest_route=\/wp\/v2\/types\/page"}],"author":[{"embeddable":true,"href":"https:\/\/vorosgeneral.hu\/index.php?rest_route=\/wp\/v2\/users\/1"}],"replies":[{"embeddable":true,"href":"https:\/\/vorosgeneral.hu\/index.php?rest_route=%2Fwp%2Fv2%2Fcomments&post=97"}],"version-history":[{"count":31,"href":"https:\/\/vorosgeneral.hu\/index.php?rest_route=\/wp\/v2\/pages\/97\/revisions"}],"predecessor-version":[{"id":443,"href":"https:\/\/vorosgeneral.hu\/index.php?rest_route=\/wp\/v2\/pages\/97\/revisions\/443"}],"wp:attachment":[{"href":"https:\/\/vorosgeneral.hu\/index.php?rest_route=%2Fwp%2Fv2%2Fmedia&parent=97"}],"curies":[{"name":"wp","href":"https:\/\/api.w.org\/{rel}","templated":true}]}}