{"id":99,"date":"2025-01-14T11:24:07","date_gmt":"2025-01-14T10:24:07","guid":{"rendered":"https:\/\/vorosgeneral.hu\/?page_id=99"},"modified":"2025-02-03T12:29:06","modified_gmt":"2025-02-03T11:29:06","slug":"hidegburkolas","status":"publish","type":"page","link":"https:\/\/vorosgeneral.hu\/?page_id=99","title":{"rendered":"Hidegburkol\u00e1s"},"content":{"rendered":"\t\t<div data-elementor-type=\"wp-page\" data-elementor-id=\"99\" class=\"elementor elementor-99\" data-elementor-post-type=\"page\">\n\t\t\t\t<div class=\"elementor-element elementor-element-450a64f9 e-flex e-con-boxed e-con e-parent\" data-id=\"450a64f9\" data-element_type=\"container\" data-settings=\"{&quot;background_background&quot;:&quot;classic&quot;}\">\n\t\t\t\t\t<div class=\"e-con-inner\">\n\t\t\t\t<div class=\"elementor-element elementor-element-694005be elementor-widget__width-initial elementor-widget elementor-widget-image\" data-id=\"694005be\" data-element_type=\"widget\" data-widget_type=\"image.default\">\n\t\t\t\t<div class=\"elementor-widget-container\">\n\t\t\t\t\t\t\t\t\t\t\t\t\t\t\t<img fetchpriority=\"high\" decoding=\"async\" width=\"225\" height=\"300\" src=\"https:\/\/vorosgeneral.hu\/wp-content\/uploads\/2025\/01\/IMG_2189-225x300.jpeg\" class=\"attachment-medium size-medium wp-image-283\" alt=\"\" srcset=\"https:\/\/vorosgeneral.hu\/wp-content\/uploads\/2025\/01\/IMG_2189-225x300.jpeg 225w, https:\/\/vorosgeneral.hu\/wp-content\/uploads\/2025\/01\/IMG_2189-768x1024.jpeg 768w, https:\/\/vorosgeneral.hu\/wp-content\/uploads\/2025\/01\/IMG_2189-1152x1536.jpeg 1152w, https:\/\/vorosgeneral.hu\/wp-content\/uploads\/2025\/01\/IMG_2189.jpeg 1536w\" sizes=\"(max-width: 225px) 100vw, 225px\" \/>\t\t\t\t\t\t\t\t\t\t\t\t\t\t\t<\/div>\n\t\t\t\t<\/div>\n\t\t<div class=\"elementor-element elementor-element-681514 e-con-full e-flex e-con e-child\" data-id=\"681514\" data-element_type=\"container\">\n\t\t\t\t<div class=\"elementor-element elementor-element-50b32bd0 animated-slow elementor-invisible elementor-widget elementor-widget-heading\" data-id=\"50b32bd0\" data-element_type=\"widget\" data-settings=\"{&quot;_animation&quot;:&quot;slideInUp&quot;}\" data-widget_type=\"heading.default\">\n\t\t\t\t<div class=\"elementor-widget-container\">\n\t\t\t\t\t<h2 class=\"elementor-heading-title elementor-size-default\">egy a szolg\u00e1ltat\u00e1sink k\u00f6z\u00fcl:<\/h2>\t\t\t\t<\/div>\n\t\t\t\t<\/div>\n\t\t\t\t<div class=\"elementor-element elementor-element-53841068 animated-slow elementor-invisible elementor-widget elementor-widget-heading\" data-id=\"53841068\" data-element_type=\"widget\" data-settings=\"{&quot;_animation&quot;:&quot;slideInUp&quot;}\" data-widget_type=\"heading.default\">\n\t\t\t\t<div class=\"elementor-widget-container\">\n\t\t\t\t\t<h2 class=\"elementor-heading-title elementor-size-default\">Hidegburkol\u00e1s<\/h2>\t\t\t\t<\/div>\n\t\t\t\t<\/div>\n\t\t\t\t<div class=\"elementor-element elementor-element-3202897b elementor-widget elementor-widget-text-editor\" data-id=\"3202897b\" data-element_type=\"widget\" data-widget_type=\"text-editor.default\">\n\t\t\t\t<div class=\"elementor-widget-container\">\n\t\t\t\t\t\t\t\t\t<p>V\u00e1llaljuk minden t\u00edpus\u00fa hidegburkol\u00e1s kivitelez\u00e9s\u00e9t, legyen sz\u00f3 csemp\u00e9r\u0151l, j\u00e1r\u00f3lapr\u00f3l, mozaikokr\u00f3l vagy ak\u00e1r nagym\u00e9ret\u0171 \u00f3ri\u00e1slapokr\u00f3l. Modern technik\u00e1inkkal \u00e9s szak\u00e9rtelm\u00fcnkkel garant\u00e1ljuk a tart\u00f3s, eszt\u00e9tikus v\u00e9geredm\u00e9nyt. F\u00fcrd\u0151szob\u00e1k, konyh\u00e1k, teraszok vagy egyedi projektek \u2013 b\u00edzza r\u00e1nk \u00e1lmai megval\u00f3s\u00edt\u00e1s\u00e1t!<\/p>\t\t\t\t\t\t\t\t<\/div>\n\t\t\t\t<\/div>\n\t\t\t\t<div class=\"elementor-element elementor-element-4269a32d elementor-align-left elementor-mobile-align-center elementor-widget elementor-widget-button\" data-id=\"4269a32d\" data-element_type=\"widget\" data-widget_type=\"button.default\">\n\t\t\t\t<div class=\"elementor-widget-container\">\n\t\t\t\t\t\t\t\t\t<div class=\"elementor-button-wrapper\">\n\t\t\t\t\t<a class=\"elementor-button elementor-button-link elementor-size-lg elementor-animation-grow\" href=\"https:\/\/vorosgeneral.hu\/?page_id=38\">\n\t\t\t\t\t\t<span class=\"elementor-button-content-wrapper\">\n\t\t\t\t\t\t\t\t\t<span class=\"elementor-button-text\">Aj\u00e1nlatk\u00e9r\u00e9s<\/span>\n\t\t\t\t\t<\/span>\n\t\t\t\t\t<\/a>\n\t\t\t\t<\/div>\n\t\t\t\t\t\t\t\t<\/div>\n\t\t\t\t<\/div>\n\t\t\t\t<\/div>\n\t\t\t\t\t<\/div>\n\t\t\t\t<\/div>\n\t\t<div class=\"elementor-element elementor-element-2c61ea12 e-flex e-con-boxed e-con e-parent\" data-id=\"2c61ea12\" data-element_type=\"container\">\n\t\t\t\t\t<div class=\"e-con-inner\">\n\t\t\t\t<div class=\"elementor-element elementor-element-3629ee1f elementor-widget elementor-widget-heading\" data-id=\"3629ee1f\" data-element_type=\"widget\" data-widget_type=\"heading.default\">\n\t\t\t\t<div class=\"elementor-widget-container\">\n\t\t\t\t\t<h2 class=\"elementor-heading-title elementor-size-default\">Referenci\u00e1k<\/h2>\t\t\t\t<\/div>\n\t\t\t\t<\/div>\n\t\t\t\t\t<\/div>\n\t\t\t\t<\/div>\n\t\t<div class=\"elementor-element elementor-element-503f570 e-flex e-con-boxed e-con e-parent\" data-id=\"503f570\" data-element_type=\"container\">\n\t\t\t\t\t<div class=\"e-con-inner\">\n\t\t\t\t<div class=\"elementor-element elementor-element-040ab69 elementor-widget elementor-widget-gallery\" data-id=\"040ab69\" data-element_type=\"widget\" data-settings=\"{&quot;lazyload&quot;:&quot;yes&quot;,&quot;gallery_layout&quot;:&quot;grid&quot;,&quot;columns&quot;:4,&quot;columns_tablet&quot;:2,&quot;columns_mobile&quot;:1,&quot;gap&quot;:{&quot;unit&quot;:&quot;px&quot;,&quot;size&quot;:10,&quot;sizes&quot;:[]},&quot;gap_tablet&quot;:{&quot;unit&quot;:&quot;px&quot;,&quot;size&quot;:10,&quot;sizes&quot;:[]},&quot;gap_mobile&quot;:{&quot;unit&quot;:&quot;px&quot;,&quot;size&quot;:10,&quot;sizes&quot;:[]},&quot;link_to&quot;:&quot;file&quot;,&quot;aspect_ratio&quot;:&quot;3:2&quot;,&quot;overlay_background&quot;:&quot;yes&quot;,&quot;content_hover_animation&quot;:&quot;fade-in&quot;}\" data-widget_type=\"gallery.default\">\n\t\t\t\t<div class=\"elementor-widget-container\">\n\t\t\t\t\t\t\t<div class=\"elementor-gallery__container\">\n\t\t\t\t\t\t\t<a class=\"e-gallery-item elementor-gallery-item elementor-animated-content\" href=\"https:\/\/vorosgeneral.hu\/wp-content\/uploads\/2025\/01\/67b7650d-642a-42a2-979c-dabb9fcc3f4b.jpg\" data-elementor-open-lightbox=\"yes\" data-elementor-lightbox-slideshow=\"040ab69\" data-elementor-lightbox-title=\"67b7650d-642a-42a2-979c-dabb9fcc3f4b\" data-e-action-hash=\"#elementor-action%3Aaction%3Dlightbox%26settings%3DeyJpZCI6NDE3LCJ1cmwiOiJodHRwczpcL1wvdm9yb3NnZW5lcmFsLmh1XC93cC1jb250ZW50XC91cGxvYWRzXC8yMDI1XC8wMVwvNjdiNzY1MGQtNjQyYS00MmEyLTk3OWMtZGFiYjlmY2MzZjRiLmpwZyIsInNsaWRlc2hvdyI6IjA0MGFiNjkifQ%3D%3D\">\n\t\t\t\t\t<div class=\"e-gallery-image elementor-gallery-item__image\" data-thumbnail=\"https:\/\/vorosgeneral.hu\/wp-content\/uploads\/2025\/01\/67b7650d-642a-42a2-979c-dabb9fcc3f4b-300x225.jpg\" data-width=\"300\" data-height=\"225\" aria-label=\"\" role=\"img\" ><\/div>\n\t\t\t\t\t\t\t\t\t\t\t<div class=\"elementor-gallery-item__overlay\"><\/div>\n\t\t\t\t\t\t\t\t\t\t\t\t\t\t<\/a>\n\t\t\t\t\t\t\t<a class=\"e-gallery-item elementor-gallery-item elementor-animated-content\" href=\"https:\/\/vorosgeneral.hu\/wp-content\/uploads\/2025\/01\/8e77410f-1ee2-4174-8eb6-d1013d41a1db.jpg\" data-elementor-open-lightbox=\"yes\" data-elementor-lightbox-slideshow=\"040ab69\" data-elementor-lightbox-title=\"8e77410f-1ee2-4174-8eb6-d1013d41a1db\" data-e-action-hash=\"#elementor-action%3Aaction%3Dlightbox%26settings%3DeyJpZCI6NDE4LCJ1cmwiOiJodHRwczpcL1wvdm9yb3NnZW5lcmFsLmh1XC93cC1jb250ZW50XC91cGxvYWRzXC8yMDI1XC8wMVwvOGU3NzQxMGYtMWVlMi00MTc0LThlYjYtZDEwMTNkNDFhMWRiLmpwZyIsInNsaWRlc2hvdyI6IjA0MGFiNjkifQ%3D%3D\">\n\t\t\t\t\t<div class=\"e-gallery-image elementor-gallery-item__image\" data-thumbnail=\"https:\/\/vorosgeneral.hu\/wp-content\/uploads\/2025\/01\/8e77410f-1ee2-4174-8eb6-d1013d41a1db-225x300.jpg\" data-width=\"225\" data-height=\"300\" aria-label=\"\" role=\"img\" ><\/div>\n\t\t\t\t\t\t\t\t\t\t\t<div class=\"elementor-gallery-item__overlay\"><\/div>\n\t\t\t\t\t\t\t\t\t\t\t\t\t\t<\/a>\n\t\t\t\t\t\t\t<a class=\"e-gallery-item elementor-gallery-item elementor-animated-content\" href=\"https:\/\/vorosgeneral.hu\/wp-content\/uploads\/2025\/01\/a4b5dd70-ad09-4d7e-a2f9-2e519ab44214.jpg\" data-elementor-open-lightbox=\"yes\" data-elementor-lightbox-slideshow=\"040ab69\" data-elementor-lightbox-title=\"a4b5dd70-ad09-4d7e-a2f9-2e519ab44214\" data-e-action-hash=\"#elementor-action%3Aaction%3Dlightbox%26settings%3DeyJpZCI6NDE5LCJ1cmwiOiJodHRwczpcL1wvdm9yb3NnZW5lcmFsLmh1XC93cC1jb250ZW50XC91cGxvYWRzXC8yMDI1XC8wMVwvYTRiNWRkNzAtYWQwOS00ZDdlLWEyZjktMmU1MTlhYjQ0MjE0LmpwZyIsInNsaWRlc2hvdyI6IjA0MGFiNjkifQ%3D%3D\">\n\t\t\t\t\t<div class=\"e-gallery-image elementor-gallery-item__image\" data-thumbnail=\"https:\/\/vorosgeneral.hu\/wp-content\/uploads\/2025\/01\/a4b5dd70-ad09-4d7e-a2f9-2e519ab44214-225x300.jpg\" data-width=\"225\" data-height=\"300\" aria-label=\"\" role=\"img\" ><\/div>\n\t\t\t\t\t\t\t\t\t\t\t<div class=\"elementor-gallery-item__overlay\"><\/div>\n\t\t\t\t\t\t\t\t\t\t\t\t\t\t<\/a>\n\t\t\t\t\t\t\t<a class=\"e-gallery-item elementor-gallery-item elementor-animated-content\" href=\"https:\/\/vorosgeneral.hu\/wp-content\/uploads\/2025\/01\/IMG_2186.jpeg\" data-elementor-open-lightbox=\"yes\" data-elementor-lightbox-slideshow=\"040ab69\" data-elementor-lightbox-title=\"IMG_2186\" data-e-action-hash=\"#elementor-action%3Aaction%3Dlightbox%26settings%3DeyJpZCI6MjgyLCJ1cmwiOiJodHRwczpcL1wvdm9yb3NnZW5lcmFsLmh1XC93cC1jb250ZW50XC91cGxvYWRzXC8yMDI1XC8wMVwvSU1HXzIxODYuanBlZyIsInNsaWRlc2hvdyI6IjA0MGFiNjkifQ%3D%3D\">\n\t\t\t\t\t<div class=\"e-gallery-image elementor-gallery-item__image\" data-thumbnail=\"https:\/\/vorosgeneral.hu\/wp-content\/uploads\/2025\/01\/IMG_2186-225x300.jpeg\" data-width=\"225\" data-height=\"300\" aria-label=\"\" role=\"img\" ><\/div>\n\t\t\t\t\t\t\t\t\t\t\t<div class=\"elementor-gallery-item__overlay\"><\/div>\n\t\t\t\t\t\t\t\t\t\t\t\t\t\t<\/a>\n\t\t\t\t\t\t\t<a class=\"e-gallery-item elementor-gallery-item elementor-animated-content\" href=\"https:\/\/vorosgeneral.hu\/wp-content\/uploads\/2025\/01\/IMG_2185.jpeg\" data-elementor-open-lightbox=\"yes\" data-elementor-lightbox-slideshow=\"040ab69\" data-elementor-lightbox-title=\"IMG_2185\" data-e-action-hash=\"#elementor-action%3Aaction%3Dlightbox%26settings%3DeyJpZCI6MjgxLCJ1cmwiOiJodHRwczpcL1wvdm9yb3NnZW5lcmFsLmh1XC93cC1jb250ZW50XC91cGxvYWRzXC8yMDI1XC8wMVwvSU1HXzIxODUuanBlZyIsInNsaWRlc2hvdyI6IjA0MGFiNjkifQ%3D%3D\">\n\t\t\t\t\t<div class=\"e-gallery-image elementor-gallery-item__image\" data-thumbnail=\"https:\/\/vorosgeneral.hu\/wp-content\/uploads\/2025\/01\/IMG_2185-225x300.jpeg\" data-width=\"225\" data-height=\"300\" aria-label=\"\" role=\"img\" ><\/div>\n\t\t\t\t\t\t\t\t\t\t\t<div class=\"elementor-gallery-item__overlay\"><\/div>\n\t\t\t\t\t\t\t\t\t\t\t\t\t\t<\/a>\n\t\t\t\t\t\t\t<a class=\"e-gallery-item elementor-gallery-item elementor-animated-content\" href=\"https:\/\/vorosgeneral.hu\/wp-content\/uploads\/2025\/01\/IMG_2164.jpeg\" data-elementor-open-lightbox=\"yes\" data-elementor-lightbox-slideshow=\"040ab69\" data-elementor-lightbox-title=\"IMG_2164\" data-e-action-hash=\"#elementor-action%3Aaction%3Dlightbox%26settings%3DeyJpZCI6Mjc5LCJ1cmwiOiJodHRwczpcL1wvdm9yb3NnZW5lcmFsLmh1XC93cC1jb250ZW50XC91cGxvYWRzXC8yMDI1XC8wMVwvSU1HXzIxNjQuanBlZyIsInNsaWRlc2hvdyI6IjA0MGFiNjkifQ%3D%3D\">\n\t\t\t\t\t<div class=\"e-gallery-image elementor-gallery-item__image\" data-thumbnail=\"https:\/\/vorosgeneral.hu\/wp-content\/uploads\/2025\/01\/IMG_2164-225x300.jpeg\" data-width=\"225\" data-height=\"300\" aria-label=\"\" role=\"img\" ><\/div>\n\t\t\t\t\t\t\t\t\t\t\t<div class=\"elementor-gallery-item__overlay\"><\/div>\n\t\t\t\t\t\t\t\t\t\t\t\t\t\t<\/a>\n\t\t\t\t\t\t\t<a class=\"e-gallery-item elementor-gallery-item elementor-animated-content\" href=\"https:\/\/vorosgeneral.hu\/wp-content\/uploads\/2025\/01\/IMG_2156.jpeg\" data-elementor-open-lightbox=\"yes\" data-elementor-lightbox-slideshow=\"040ab69\" data-elementor-lightbox-title=\"IMG_2156\" data-e-action-hash=\"#elementor-action%3Aaction%3Dlightbox%26settings%3DeyJpZCI6Mjc3LCJ1cmwiOiJodHRwczpcL1wvdm9yb3NnZW5lcmFsLmh1XC93cC1jb250ZW50XC91cGxvYWRzXC8yMDI1XC8wMVwvSU1HXzIxNTYuanBlZyIsInNsaWRlc2hvdyI6IjA0MGFiNjkifQ%3D%3D\">\n\t\t\t\t\t<div class=\"e-gallery-image elementor-gallery-item__image\" data-thumbnail=\"https:\/\/vorosgeneral.hu\/wp-content\/uploads\/2025\/01\/IMG_2156-225x300.jpeg\" data-width=\"225\" data-height=\"300\" aria-label=\"\" role=\"img\" ><\/div>\n\t\t\t\t\t\t\t\t\t\t\t<div class=\"elementor-gallery-item__overlay\"><\/div>\n\t\t\t\t\t\t\t\t\t\t\t\t\t\t<\/a>\n\t\t\t\t\t\t\t<a class=\"e-gallery-item elementor-gallery-item elementor-animated-content\" href=\"https:\/\/vorosgeneral.hu\/wp-content\/uploads\/2025\/01\/IMG_2107.jpeg\" data-elementor-open-lightbox=\"yes\" data-elementor-lightbox-slideshow=\"040ab69\" data-elementor-lightbox-title=\"IMG_2107\" data-e-action-hash=\"#elementor-action%3Aaction%3Dlightbox%26settings%3DeyJpZCI6MjcyLCJ1cmwiOiJodHRwczpcL1wvdm9yb3NnZW5lcmFsLmh1XC93cC1jb250ZW50XC91cGxvYWRzXC8yMDI1XC8wMVwvSU1HXzIxMDcuanBlZyIsInNsaWRlc2hvdyI6IjA0MGFiNjkifQ%3D%3D\">\n\t\t\t\t\t<div class=\"e-gallery-image elementor-gallery-item__image\" data-thumbnail=\"https:\/\/vorosgeneral.hu\/wp-content\/uploads\/2025\/01\/IMG_2107-225x300.jpeg\" data-width=\"225\" data-height=\"300\" aria-label=\"\" role=\"img\" ><\/div>\n\t\t\t\t\t\t\t\t\t\t\t<div class=\"elementor-gallery-item__overlay\"><\/div>\n\t\t\t\t\t\t\t\t\t\t\t\t\t\t<\/a>\n\t\t\t\t\t\t\t<a class=\"e-gallery-item elementor-gallery-item elementor-animated-content\" href=\"https:\/\/vorosgeneral.hu\/wp-content\/uploads\/2025\/01\/IMG_2150.jpeg\" data-elementor-open-lightbox=\"yes\" data-elementor-lightbox-slideshow=\"040ab69\" data-elementor-lightbox-title=\"IMG_2150\" data-e-action-hash=\"#elementor-action%3Aaction%3Dlightbox%26settings%3DeyJpZCI6Mjc2LCJ1cmwiOiJodHRwczpcL1wvdm9yb3NnZW5lcmFsLmh1XC93cC1jb250ZW50XC91cGxvYWRzXC8yMDI1XC8wMVwvSU1HXzIxNTAuanBlZyIsInNsaWRlc2hvdyI6IjA0MGFiNjkifQ%3D%3D\">\n\t\t\t\t\t<div class=\"e-gallery-image elementor-gallery-item__image\" data-thumbnail=\"https:\/\/vorosgeneral.hu\/wp-content\/uploads\/2025\/01\/IMG_2150-225x300.jpeg\" data-width=\"225\" data-height=\"300\" aria-label=\"\" role=\"img\" ><\/div>\n\t\t\t\t\t\t\t\t\t\t\t<div class=\"elementor-gallery-item__overlay\"><\/div>\n\t\t\t\t\t\t\t\t\t\t\t\t\t\t<\/a>\n\t\t\t\t\t\t\t<a class=\"e-gallery-item elementor-gallery-item elementor-animated-content\" href=\"https:\/\/vorosgeneral.hu\/wp-content\/uploads\/2025\/01\/IMG_2177.jpeg\" data-elementor-open-lightbox=\"yes\" data-elementor-lightbox-slideshow=\"040ab69\" data-elementor-lightbox-title=\"IMG_2177\" data-e-action-hash=\"#elementor-action%3Aaction%3Dlightbox%26settings%3DeyJpZCI6MjgwLCJ1cmwiOiJodHRwczpcL1wvdm9yb3NnZW5lcmFsLmh1XC93cC1jb250ZW50XC91cGxvYWRzXC8yMDI1XC8wMVwvSU1HXzIxNzcuanBlZyIsInNsaWRlc2hvdyI6IjA0MGFiNjkifQ%3D%3D\">\n\t\t\t\t\t<div class=\"e-gallery-image elementor-gallery-item__image\" data-thumbnail=\"https:\/\/vorosgeneral.hu\/wp-content\/uploads\/2025\/01\/IMG_2177-225x300.jpeg\" data-width=\"225\" data-height=\"300\" aria-label=\"\" role=\"img\" ><\/div>\n\t\t\t\t\t\t\t\t\t\t\t<div class=\"elementor-gallery-item__overlay\"><\/div>\n\t\t\t\t\t\t\t\t\t\t\t\t\t\t<\/a>\n\t\t\t\t\t\t\t<a class=\"e-gallery-item elementor-gallery-item elementor-animated-content\" href=\"https:\/\/vorosgeneral.hu\/wp-content\/uploads\/2025\/01\/IMG_2189.jpeg\" data-elementor-open-lightbox=\"yes\" data-elementor-lightbox-slideshow=\"040ab69\" data-elementor-lightbox-title=\"IMG_2189\" data-e-action-hash=\"#elementor-action%3Aaction%3Dlightbox%26settings%3DeyJpZCI6MjgzLCJ1cmwiOiJodHRwczpcL1wvdm9yb3NnZW5lcmFsLmh1XC93cC1jb250ZW50XC91cGxvYWRzXC8yMDI1XC8wMVwvSU1HXzIxODkuanBlZyIsInNsaWRlc2hvdyI6IjA0MGFiNjkifQ%3D%3D\">\n\t\t\t\t\t<div class=\"e-gallery-image elementor-gallery-item__image\" data-thumbnail=\"https:\/\/vorosgeneral.hu\/wp-content\/uploads\/2025\/01\/IMG_2189-225x300.jpeg\" data-width=\"225\" data-height=\"300\" aria-label=\"\" role=\"img\" ><\/div>\n\t\t\t\t\t\t\t\t\t\t\t<div class=\"elementor-gallery-item__overlay\"><\/div>\n\t\t\t\t\t\t\t\t\t\t\t\t\t\t<\/a>\n\t\t\t\t\t\t\t<a class=\"e-gallery-item elementor-gallery-item elementor-animated-content\" href=\"https:\/\/vorosgeneral.hu\/wp-content\/uploads\/2025\/01\/IMG_2103.jpeg\" data-elementor-open-lightbox=\"yes\" data-elementor-lightbox-slideshow=\"040ab69\" data-elementor-lightbox-title=\"IMG_2103\" data-e-action-hash=\"#elementor-action%3Aaction%3Dlightbox%26settings%3DeyJpZCI6MjcwLCJ1cmwiOiJodHRwczpcL1wvdm9yb3NnZW5lcmFsLmh1XC93cC1jb250ZW50XC91cGxvYWRzXC8yMDI1XC8wMVwvSU1HXzIxMDMuanBlZyIsInNsaWRlc2hvdyI6IjA0MGFiNjkifQ%3D%3D\">\n\t\t\t\t\t<div class=\"e-gallery-image elementor-gallery-item__image\" data-thumbnail=\"https:\/\/vorosgeneral.hu\/wp-content\/uploads\/2025\/01\/IMG_2103-225x300.jpeg\" data-width=\"225\" data-height=\"300\" aria-label=\"\" role=\"img\" ><\/div>\n\t\t\t\t\t\t\t\t\t\t\t<div class=\"elementor-gallery-item__overlay\"><\/div>\n\t\t\t\t\t\t\t\t\t\t\t\t\t\t<\/a>\n\t\t\t\t\t\t\t<a class=\"e-gallery-item elementor-gallery-item elementor-animated-content\" href=\"https:\/\/vorosgeneral.hu\/wp-content\/uploads\/2025\/02\/38f50126-ddf2-4d22-bd92-7a692f36f47a.jpg\" data-elementor-open-lightbox=\"yes\" data-elementor-lightbox-slideshow=\"040ab69\" data-elementor-lightbox-title=\"38f50126-ddf2-4d22-bd92-7a692f36f47a\" data-e-action-hash=\"#elementor-action%3Aaction%3Dlightbox%26settings%3DeyJpZCI6NDYyLCJ1cmwiOiJodHRwczpcL1wvdm9yb3NnZW5lcmFsLmh1XC93cC1jb250ZW50XC91cGxvYWRzXC8yMDI1XC8wMlwvMzhmNTAxMjYtZGRmMi00ZDIyLWJkOTItN2E2OTJmMzZmNDdhLmpwZyIsInNsaWRlc2hvdyI6IjA0MGFiNjkifQ%3D%3D\">\n\t\t\t\t\t<div class=\"e-gallery-image elementor-gallery-item__image\" data-thumbnail=\"https:\/\/vorosgeneral.hu\/wp-content\/uploads\/2025\/02\/38f50126-ddf2-4d22-bd92-7a692f36f47a-225x300.jpg\" data-width=\"225\" data-height=\"300\" aria-label=\"\" role=\"img\" ><\/div>\n\t\t\t\t\t\t\t\t\t\t\t<div class=\"elementor-gallery-item__overlay\"><\/div>\n\t\t\t\t\t\t\t\t\t\t\t\t\t\t<\/a>\n\t\t\t\t\t\t\t<a class=\"e-gallery-item elementor-gallery-item elementor-animated-content\" href=\"https:\/\/vorosgeneral.hu\/wp-content\/uploads\/2025\/02\/fdb1f524-0eda-48f7-b24e-d4ee64ef785a.jpg\" data-elementor-open-lightbox=\"yes\" data-elementor-lightbox-slideshow=\"040ab69\" data-elementor-lightbox-title=\"fdb1f524-0eda-48f7-b24e-d4ee64ef785a\" data-e-action-hash=\"#elementor-action%3Aaction%3Dlightbox%26settings%3DeyJpZCI6NDYzLCJ1cmwiOiJodHRwczpcL1wvdm9yb3NnZW5lcmFsLmh1XC93cC1jb250ZW50XC91cGxvYWRzXC8yMDI1XC8wMlwvZmRiMWY1MjQtMGVkYS00OGY3LWIyNGUtZDRlZTY0ZWY3ODVhLmpwZyIsInNsaWRlc2hvdyI6IjA0MGFiNjkifQ%3D%3D\">\n\t\t\t\t\t<div class=\"e-gallery-image elementor-gallery-item__image\" data-thumbnail=\"https:\/\/vorosgeneral.hu\/wp-content\/uploads\/2025\/02\/fdb1f524-0eda-48f7-b24e-d4ee64ef785a-225x300.jpg\" data-width=\"225\" data-height=\"300\" aria-label=\"\" role=\"img\" ><\/div>\n\t\t\t\t\t\t\t\t\t\t\t<div class=\"elementor-gallery-item__overlay\"><\/div>\n\t\t\t\t\t\t\t\t\t\t\t\t\t\t<\/a>\n\t\t\t\t\t<\/div>\n\t\t\t\t\t<\/div>\n\t\t\t\t<\/div>\n\t\t\t\t\t<\/div>\n\t\t\t\t<\/div>\n\t\t\t\t<\/div>\n\t\t","protected":false},"excerpt":{"rendered":"<p>egy a szolg\u00e1ltat\u00e1sink k\u00f6z\u00fcl: Hidegburkol\u00e1s V\u00e1llaljuk minden t\u00edpus\u00fa hidegburkol\u00e1s kivitelez\u00e9s\u00e9t, legyen sz\u00f3 csemp\u00e9r\u0151l, j\u00e1r\u00f3lapr\u00f3l, mozaikokr\u00f3l vagy ak\u00e1r nagym\u00e9ret\u0171 \u00f3ri\u00e1slapokr\u00f3l. Modern technik\u00e1inkkal \u00e9s szak\u00e9rtelm\u00fcnkkel garant\u00e1ljuk a tart\u00f3s, eszt\u00e9tikus v\u00e9geredm\u00e9nyt. F\u00fcrd\u0151szob\u00e1k, konyh\u00e1k, teraszok vagy egyedi projektek \u2013 b\u00edzza r\u00e1nk \u00e1lmai megval\u00f3s\u00edt\u00e1s\u00e1t! Aj\u00e1nlatk\u00e9r\u00e9s Referenci\u00e1k<\/p>\n","protected":false},"author":1,"featured_media":0,"parent":0,"menu_order":0,"comment_status":"closed","ping_status":"closed","template":"elementor_header_footer","meta":{"footnotes":""},"class_list":["post-99","page","type-page","status-publish"],"_links":{"self":[{"href":"https:\/\/vorosgeneral.hu\/index.php?rest_route=\/wp\/v2\/pages\/99","targetHints":{"allow":["GET"]}}],"collection":[{"href":"https:\/\/vorosgeneral.hu\/index.php?rest_route=\/wp\/v2\/pages"}],"about":[{"href":"https:\/\/vorosgeneral.hu\/index.php?rest_route=\/wp\/v2\/types\/page"}],"author":[{"embeddable":true,"href":"https:\/\/vorosgeneral.hu\/index.php?rest_route=\/wp\/v2\/users\/1"}],"replies":[{"embeddable":true,"href":"https:\/\/vorosgeneral.hu\/index.php?rest_route=%2Fwp%2Fv2%2Fcomments&post=99"}],"version-history":[{"count":19,"href":"https:\/\/vorosgeneral.hu\/index.php?rest_route=\/wp\/v2\/pages\/99\/revisions"}],"predecessor-version":[{"id":466,"href":"https:\/\/vorosgeneral.hu\/index.php?rest_route=\/wp\/v2\/pages\/99\/revisions\/466"}],"wp:attachment":[{"href":"https:\/\/vorosgeneral.hu\/index.php?rest_route=%2Fwp%2Fv2%2Fmedia&parent=99"}],"curies":[{"name":"wp","href":"https:\/\/api.w.org\/{rel}","templated":true}]}}